{"id":1144,"date":"2025-06-10T15:06:06","date_gmt":"2025-06-10T15:06:06","guid":{"rendered":"https:\/\/pvmrc.com\/dienstleistungen\/%e2%99%bb%ef%b8%8f-pv-modulrecycling\/"},"modified":"2026-02-19T12:10:54","modified_gmt":"2026-02-19T12:10:54","slug":"pv-modul-recycling","status":"publish","type":"page","link":"https:\/\/pvmrc.com\/de\/leistungen\/pv-modul-recycling\/","title":{"rendered":"PV-Modul-Recycling"},"content":{"rendered":"\t\t<div data-elementor-type=\"wp-page\" data-elementor-id=\"1144\" class=\"elementor elementor-1144 elementor-865\" data-elementor-post-type=\"page\">\n\t\t\t\t<div class=\"elementor-element elementor-element-65839b37 e-flex e-con-boxed e-con e-parent\" data-id=\"65839b37\" data-element_type=\"container\" data-e-type=\"container\" data-settings=\"{&quot;background_background&quot;:&quot;classic&quot;}\">\n\t\t\t\t\t<div class=\"e-con-inner\">\n\t\t\t\t<div class=\"elementor-element elementor-element-4b39bfed elementor-widget elementor-widget-heading\" data-id=\"4b39bfed\" data-element_type=\"widget\" data-e-type=\"widget\" data-widget_type=\"heading.default\">\n\t\t\t\t<div class=\"elementor-widget-container\">\n\t\t\t\t\t<h2 class=\"elementor-heading-title elementor-size-default\">PV-Modul-Recycling<\/h2>\t\t\t\t<\/div>\n\t\t\t\t<\/div>\n\t\t\t\t<div class=\"elementor-element elementor-element-2793f454 elementor-align-center elementor-invisible elementor-widget elementor-widget-button\" data-id=\"2793f454\" data-element_type=\"widget\" data-e-type=\"widget\" data-settings=\"{&quot;_animation&quot;:&quot;fadeIn&quot;}\" data-widget_type=\"button.default\">\n\t\t\t\t<div class=\"elementor-widget-container\">\n\t\t\t\t\t\t\t\t\t<div class=\"elementor-button-wrapper\">\n\t\t\t\t\t<a class=\"elementor-button elementor-button-link elementor-size-sm\" href=\"https:\/\/pvmrc.com\/de\/anfrageformular-fuer-projekte-pv-modul-recycling\/\">\n\t\t\t\t\t\t<span class=\"elementor-button-content-wrapper\">\n\t\t\t\t\t\t\t\t\t<span class=\"elementor-button-text\">Projektanfrage<\/span>\n\t\t\t\t\t<\/span>\n\t\t\t\t\t<\/a>\n\t\t\t\t<\/div>\n\t\t\t\t\t\t\t\t<\/div>\n\t\t\t\t<\/div>\n\t\t\t\t\t<\/div>\n\t\t\t\t<\/div>\n\t\t<div class=\"elementor-element elementor-element-7783336a e-flex e-con-boxed e-con e-parent\" data-id=\"7783336a\" data-element_type=\"container\" data-e-type=\"container\">\n\t\t\t\t\t<div class=\"e-con-inner\">\n\t\t\t\t<div class=\"elementor-element elementor-element-7106b47b elementor-widget elementor-widget-spacer\" data-id=\"7106b47b\" data-element_type=\"widget\" data-e-type=\"widget\" data-widget_type=\"spacer.default\">\n\t\t\t\t<div class=\"elementor-widget-container\">\n\t\t\t\t\t\t\t<div class=\"elementor-spacer\">\n\t\t\t<div class=\"elementor-spacer-inner\"><\/div>\n\t\t<\/div>\n\t\t\t\t\t\t<\/div>\n\t\t\t\t<\/div>\n\t\t\t\t\t<\/div>\n\t\t\t\t<\/div>\n\t\t<div class=\"elementor-element elementor-element-7f38eb61 e-flex e-con-boxed e-con e-parent\" data-id=\"7f38eb61\" data-element_type=\"container\" data-e-type=\"container\">\n\t\t\t\t\t<div class=\"e-con-inner\">\n\t\t\t\t<div class=\"elementor-element elementor-element-177c0239 elementor-widget elementor-widget-heading\" data-id=\"177c0239\" data-element_type=\"widget\" data-e-type=\"widget\" data-widget_type=\"heading.default\">\n\t\t\t\t<div class=\"elementor-widget-container\">\n\t\t\t\t\t<h2 class=\"elementor-heading-title elementor-size-default\">Zertifizierte Entsorgung. Klare Dokumentation. Rechtssicherheit inklusive.  <\/h2>\t\t\t\t<\/div>\n\t\t\t\t<\/div>\n\t\t\t\t<div class=\"elementor-element elementor-element-4cc7e1bf elementor-widget elementor-widget-text-editor\" data-id=\"4cc7e1bf\" data-element_type=\"widget\" data-e-type=\"widget\" data-widget_type=\"text-editor.default\">\n\t\t\t\t<div class=\"elementor-widget-container\">\n\t\t\t\t\t\t\t\t\t<p><strong>Warum das Thema relevant ist<\/strong><\/p><p>Immer mehr PV-Anlagen erreichen das Ende ihrer Lebensdauer. Betreiber stehen vor der Herausforderung, ausgediente Module sicher, gesetzeskonform und nachvollziehbar zu entsorgen.<br>Eine unsachgem\u00e4\u00dfe Entsorgung kann zu rechtlichen Risiken, Umweltbelastungen und Projektverz\u00f6gerungen f\u00fchren.<\/p><p>PVMRC sorgt daf\u00fcr, dass Ihre Module regelkonform gesammelt, verarbeitet und recycelt werden, mit offizieller Dokumentation als Nachweis. <\/p>\t\t\t\t\t\t\t\t<\/div>\n\t\t\t\t<\/div>\n\t\t\t\t<div class=\"elementor-element elementor-element-2d729284 elementor-widget elementor-widget-heading\" data-id=\"2d729284\" data-element_type=\"widget\" data-e-type=\"widget\" data-widget_type=\"heading.default\">\n\t\t\t\t<div class=\"elementor-widget-container\">\n\t\t\t\t\t<h2 class=\"elementor-heading-title elementor-size-default\">Was wir f\u00fcr Sie tun<\/h2>\t\t\t\t<\/div>\n\t\t\t\t<\/div>\n\t\t\t\t<div class=\"elementor-element elementor-element-5e1bd4a6 elementor-widget elementor-widget-text-editor\" data-id=\"5e1bd4a6\" data-element_type=\"widget\" data-e-type=\"widget\" data-widget_type=\"text-editor.default\">\n\t\t\t\t<div class=\"elementor-widget-container\">\n\t\t\t\t\t\t\t\t\t<p>Wir bieten eine vollst\u00e4ndige, gesetzeskonforme Recyclingl\u00f6sung f\u00fcr kristalline Silizium-Module, von der Abholung bis zur zertifizierten Entsorgung. <\/p>\n<p>Unser Full-Service umfasst:<\/p>\n<ul>\n<li><strong>Abholung und Transport<\/strong><br>von PV-Modulen direkt ab Ihrem Standort<\/li>\n<li><strong>Sichere Lagerung und Sortierung<\/strong><br>nach Modultyp und Zustand<\/li>\n<li><strong>Mechanische Aufbereitung<\/strong><br>mit spezialisierter Recyclingtechnik<\/li>\n<li><strong>Zertifizierte Dokumentation<\/strong><br>f\u00fcr Beh\u00f6rdennachweise und Projektakten<\/li>\n<li><strong>Offizieller Entsorgungsnachweis<\/strong><br>f\u00fcr Audits und Ihre ESG-Berichterstattung<\/li>\n<\/ul>\n<p>In 2026 nehmen wir unsere eigene Recyclinganlage in Betrieb. Ein Meilenstein f\u00fcr Transparenz, Nachverfolgbarkeit und Effizienz im PV-Recycling. <\/p>\t\t\t\t\t\t\t\t<\/div>\n\t\t\t\t<\/div>\n\t\t<div class=\"elementor-element elementor-element-1a23331 e-grid e-con-full e-con e-child\" data-id=\"1a23331\" data-element_type=\"container\" data-e-type=\"container\">\n\t\t<div class=\"elementor-element elementor-element-844d030 e-con-full e-flex e-con e-child\" data-id=\"844d030\" data-element_type=\"container\" data-e-type=\"container\">\n\t\t\t\t<div class=\"elementor-element elementor-element-0445a76 elementor-widget elementor-widget-heading\" data-id=\"0445a76\" data-element_type=\"widget\" data-e-type=\"widget\" data-widget_type=\"heading.default\">\n\t\t\t\t<div class=\"elementor-widget-container\">\n\t\t\t\t\t<h2 class=\"elementor-heading-title elementor-size-default\">Nachhaltiges Recycling von Photovoltaikmodulen<\/h2>\t\t\t\t<\/div>\n\t\t\t\t<\/div>\n\t\t\t\t<div class=\"elementor-element elementor-element-0646a64 elementor-widget elementor-widget-text-editor\" data-id=\"0646a64\" data-element_type=\"widget\" data-e-type=\"widget\" data-widget_type=\"text-editor.default\">\n\t\t\t\t<div class=\"elementor-widget-container\">\n\t\t\t\t\t\t\t\t\t<p>PVMRC recycelt ausgediente Solarmodule mit modernster Technologie und gewinnt dabei Glas, Aluminium, Silizium und Silber zur\u00fcck. Senden Sie uns noch heute Ihre Projektanfrage und verwandeln Sie alte Module in neuen Wert.<br>Folgen Sie PVMRC auf <a href=\"https:\/\/de.linkedin.com\/company\/pvmrc-gmbh\" target=\"_blank\" rel=\"noopener\"><span style=\"text-decoration: underline;\">LinkedIn<\/span><\/a>. <\/p>\t\t\t\t\t\t\t\t<\/div>\n\t\t\t\t<\/div>\n\t\t\t\t<div class=\"elementor-element elementor-element-517f099 elementor-align-center elementor-mobile-align-center elementor-widget elementor-widget-button\" data-id=\"517f099\" data-element_type=\"widget\" data-e-type=\"widget\" data-widget_type=\"button.default\">\n\t\t\t\t<div class=\"elementor-widget-container\">\n\t\t\t\t\t\t\t\t\t<div class=\"elementor-button-wrapper\">\n\t\t\t\t\t<a class=\"elementor-button elementor-button-link elementor-size-sm\" href=\"https:\/\/pvmrc.com\/de\/anfrageformular-fuer-projekte-pv-modul-recycling\/\">\n\t\t\t\t\t\t<span class=\"elementor-button-content-wrapper\">\n\t\t\t\t\t\t\t\t\t<span class=\"elementor-button-text\">PROJEKTANFRAGE<\/span>\n\t\t\t\t\t<\/span>\n\t\t\t\t\t<\/a>\n\t\t\t\t<\/div>\n\t\t\t\t\t\t\t\t<\/div>\n\t\t\t\t<\/div>\n\t\t\t\t<\/div>\n\t\t\t\t<div class=\"elementor-element elementor-element-0ef644a elementor-widget elementor-widget-image\" data-id=\"0ef644a\" data-element_type=\"widget\" data-e-type=\"widget\" data-widget_type=\"image.default\">\n\t\t\t\t<div class=\"elementor-widget-container\">\n\t\t\t\t\t\t\t\t\t\t\t\t\t\t\t<img fetchpriority=\"high\" decoding=\"async\" width=\"1024\" height=\"576\" src=\"https:\/\/pvmrc.com\/wp-content\/uploads\/2025\/12\/Construction-PVMRC-1024x576.jpg\" class=\"attachment-large size-large wp-image-2957\" alt=\"Workers at PVMRC \u2013 Pioneers in Solar Module Recycling\" srcset=\"https:\/\/pvmrc.com\/wp-content\/uploads\/2025\/12\/Construction-PVMRC-1024x576.jpg 1024w, https:\/\/pvmrc.com\/wp-content\/uploads\/2025\/12\/Construction-PVMRC-300x169.jpg 300w, https:\/\/pvmrc.com\/wp-content\/uploads\/2025\/12\/Construction-PVMRC-768x432.jpg 768w, https:\/\/pvmrc.com\/wp-content\/uploads\/2025\/12\/Construction-PVMRC-1536x864.jpg 1536w, https:\/\/pvmrc.com\/wp-content\/uploads\/2025\/12\/Construction-PVMRC-800x450.jpg 800w, https:\/\/pvmrc.com\/wp-content\/uploads\/2025\/12\/Construction-PVMRC.jpg 1920w\" sizes=\"(max-width: 1024px) 100vw, 1024px\" \/>\t\t\t\t\t\t\t\t\t\t\t\t\t\t\t<\/div>\n\t\t\t\t<\/div>\n\t\t\t\t<\/div>\n\t\t\t\t\t<\/div>\n\t\t\t\t<\/div>\n\t\t<div class=\"elementor-element elementor-element-3b685bff e-flex e-con-boxed e-con e-parent\" data-id=\"3b685bff\" data-element_type=\"container\" data-e-type=\"container\">\n\t\t\t\t\t<div class=\"e-con-inner\">\n\t\t<div class=\"elementor-element elementor-element-251c0738 e-con-full e-flex e-con e-child\" data-id=\"251c0738\" data-element_type=\"container\" data-e-type=\"container\">\n\t\t\t\t<div class=\"elementor-element elementor-element-2ffde29c elementor-widget elementor-widget-heading\" data-id=\"2ffde29c\" data-element_type=\"widget\" data-e-type=\"widget\" data-widget_type=\"heading.default\">\n\t\t\t\t<div class=\"elementor-widget-container\">\n\t\t\t\t\t<h2 class=\"elementor-heading-title elementor-size-default\">Ihre Vorteile<\/h2>\t\t\t\t<\/div>\n\t\t\t\t<\/div>\n\t\t\t\t<div class=\"elementor-element elementor-element-74efce11 elementor-widget elementor-widget-text-editor\" data-id=\"74efce11\" data-element_type=\"widget\" data-e-type=\"widget\" data-widget_type=\"text-editor.default\">\n\t\t\t\t<div class=\"elementor-widget-container\">\n\t\t\t\t\t\t\t\t\t<ul><li><strong>Zertifizierte Rechtssicherheit<\/strong><br>Erf\u00fcllt alle Anforderungen nach ElektroG, WEEE und nationalem Recht<\/li><li><strong>Offizielle Nachweise<\/strong><br>Inklusive Entsorgungszertifikat und auditf\u00e4higer Berichte<\/li><li><strong>Zuverl\u00e4ssige Abholung &amp; Logistik<\/strong><br>Komplett organisiert, vom Standort bis zur Recyclinganlage<\/li><li><strong>Alles aus einer Hand<\/strong><br>Abholung, Recycling und Dokumentation \u00fcber einen einzigen Anbieter<\/li><li><strong>Zukunftssichere L\u00f6sung<\/strong><br>Ideal f\u00fcr Repowering-Projekte und R\u00fccknahmesysteme von Herstellern<\/li><\/ul>\t\t\t\t\t\t\t\t<\/div>\n\t\t\t\t<\/div>\n\t\t\t\t<\/div>\n\t\t\t\t\t<\/div>\n\t\t\t\t<\/div>\n\t\t<div class=\"elementor-element elementor-element-2db39a66 elementor-hidden-mobile e-flex e-con-boxed e-con e-parent\" data-id=\"2db39a66\" data-element_type=\"container\" data-e-type=\"container\">\n\t\t\t\t\t<div class=\"e-con-inner\">\n\t\t<div class=\"elementor-element elementor-element-f237080 e-con-full e-flex e-con e-child\" data-id=\"f237080\" data-element_type=\"container\" data-e-type=\"container\">\n\t\t\t\t<div class=\"elementor-element elementor-element-5cd52e77 elementor-widget elementor-widget-heading\" data-id=\"5cd52e77\" data-element_type=\"widget\" data-e-type=\"widget\" data-widget_type=\"heading.default\">\n\t\t\t\t<div class=\"elementor-widget-container\">\n\t\t\t\t\t<h2 class=\"elementor-heading-title elementor-size-default\">So l\u00e4uft der Prozess ab<\/h2>\t\t\t\t<\/div>\n\t\t\t\t<\/div>\n\t\t\t\t<div class=\"elementor-element elementor-element-3e63e9e9 elementor-widget elementor-widget-text-editor\" data-id=\"3e63e9e9\" data-element_type=\"widget\" data-e-type=\"widget\" data-widget_type=\"text-editor.default\">\n\t\t\t\t<div class=\"elementor-widget-container\">\n\t\t\t\t\t\t\t\t\t<ul><li><strong>Abholkoordination<\/strong><br>Individuelle Terminplanung je nach Standort &amp; Projektumfang<\/li><li><strong>Transport zur zertifizierten Anlage<\/strong><br>Nachverfolgbarer Transport mit gepr\u00fcften Partnern<\/li><li><strong>Modulsortierung &amp; Vorbehandlung<\/strong><br>Trennung nach Typ, Zustand und Aufbereitungspfad<\/li><li><strong>Mechanischer Recyclingprozess<\/strong><br>Demontage und Materialtrennung nach anerkannten Verfahren<\/li><li><strong>Dokumentation &amp; Entsorgungsnachweis<\/strong><br>Rechtskonforme Nachweise und offizielles Zertifikat zur Vorlage bei Beh\u00f6rden<\/li><\/ul>\t\t\t\t\t\t\t\t<\/div>\n\t\t\t\t<\/div>\n\t\t\t\t<\/div>\n\t\t\t\t\t<\/div>\n\t\t\t\t<\/div>\n\t\t<div class=\"elementor-element elementor-element-80849ba e-flex e-con-boxed e-con e-parent\" data-id=\"80849ba\" data-element_type=\"container\" data-e-type=\"container\">\n\t\t\t\t\t<div class=\"e-con-inner\">\n\t\t<div class=\"elementor-element elementor-element-43db2457 e-con-full e-flex e-con e-child\" data-id=\"43db2457\" data-element_type=\"container\" data-e-type=\"container\">\n\t\t\t\t<div class=\"elementor-element elementor-element-7ee76e3a elementor-widget elementor-widget-heading\" data-id=\"7ee76e3a\" data-element_type=\"widget\" data-e-type=\"widget\" data-widget_type=\"heading.default\">\n\t\t\t\t<div class=\"elementor-widget-container\">\n\t\t\t\t\t<h2 class=\"elementor-heading-title elementor-size-default\">Mit wem wir arbeiten<\/h2>\t\t\t\t<\/div>\n\t\t\t\t<\/div>\n\t\t\t\t<div class=\"elementor-element elementor-element-c6c6500 elementor-widget elementor-widget-text-editor\" data-id=\"c6c6500\" data-element_type=\"widget\" data-e-type=\"widget\" data-widget_type=\"text-editor.default\">\n\t\t\t\t<div class=\"elementor-widget-container\">\n\t\t\t\t\t\t\t\t\t<ul><li>Modulhersteller (z.\u202fB. im Rahmen von R\u00fccknahmepflichten oder EPR-Programmen)<\/li><li>PV-Anlagenbetreiber (z.\u202fB. Fonds, IPPs, Energieversorger)<\/li><li>EPC- &amp; O&amp;M-Dienstleister (z.\u202fB. in Repowering- oder R\u00fcckbauprojekten)<\/li><li>Kommunale und private Entsorgungsbetriebe<\/li><\/ul>\t\t\t\t\t\t\t\t<\/div>\n\t\t\t\t<\/div>\n\t\t\t\t<\/div>\n\t\t\t\t\t<\/div>\n\t\t\t\t<\/div>\n\t\t<div class=\"elementor-element elementor-element-74847b76 e-flex e-con-boxed e-con e-parent\" data-id=\"74847b76\" data-element_type=\"container\" data-e-type=\"container\">\n\t\t\t\t\t<div class=\"e-con-inner\">\n\t\t\t\t<div class=\"elementor-element elementor-element-4db231dc elementor-widget elementor-widget-spacer\" data-id=\"4db231dc\" data-element_type=\"widget\" data-e-type=\"widget\" data-widget_type=\"spacer.default\">\n\t\t\t\t<div class=\"elementor-widget-container\">\n\t\t\t\t\t\t\t<div class=\"elementor-spacer\">\n\t\t\t<div class=\"elementor-spacer-inner\"><\/div>\n\t\t<\/div>\n\t\t\t\t\t\t<\/div>\n\t\t\t\t<\/div>\n\t\t\t\t\t<\/div>\n\t\t\t\t<\/div>\n\t\t<div class=\"elementor-element elementor-element-28c0eb4d e-flex e-con-boxed e-con e-parent\" data-id=\"28c0eb4d\" data-element_type=\"container\" data-e-type=\"container\">\n\t\t\t\t\t<div class=\"e-con-inner\">\n\t\t\t\t<div class=\"elementor-element elementor-element-47879df7 elementor-widget elementor-widget-heading\" data-id=\"47879df7\" data-element_type=\"widget\" data-e-type=\"widget\" data-widget_type=\"heading.default\">\n\t\t\t\t<div class=\"elementor-widget-container\">\n\t\t\t\t\t<h2 class=\"elementor-heading-title elementor-size-default\">Ihr Ansprechpartner<\/h2>\t\t\t\t<\/div>\n\t\t\t\t<\/div>\n\t\t<div class=\"elementor-element elementor-element-29f4e05d e-grid e-con-full e-con e-child\" data-id=\"29f4e05d\" data-element_type=\"container\" data-e-type=\"container\">\n\t\t\t\t<div class=\"elementor-element elementor-element-5f640755 elementor-widget elementor-widget-image\" data-id=\"5f640755\" data-element_type=\"widget\" data-e-type=\"widget\" data-widget_type=\"image.default\">\n\t\t\t\t<div class=\"elementor-widget-container\">\n\t\t\t\t\t\t\t\t\t\t\t\t\t\t\t<img decoding=\"async\" width=\"653\" height=\"901\" src=\"https:\/\/pvmrc.com\/wp-content\/uploads\/2025\/07\/Portrait-Michael-Mueller-PVMRC-1.jpg\" class=\"attachment-full size-full wp-image-1775\" alt=\"Michael M\u00fcller\" srcset=\"https:\/\/pvmrc.com\/wp-content\/uploads\/2025\/07\/Portrait-Michael-Mueller-PVMRC-1.jpg 653w, https:\/\/pvmrc.com\/wp-content\/uploads\/2025\/07\/Portrait-Michael-Mueller-PVMRC-1-400x552.jpg 400w, https:\/\/pvmrc.com\/wp-content\/uploads\/2025\/07\/Portrait-Michael-Mueller-PVMRC-1-217x300.jpg 217w\" sizes=\"(max-width: 653px) 100vw, 653px\" \/>\t\t\t\t\t\t\t\t\t\t\t\t\t\t\t<\/div>\n\t\t\t\t<\/div>\n\t\t\t\t<div class=\"elementor-element elementor-element-1ecc68a4 elementor-widget elementor-widget-text-editor\" data-id=\"1ecc68a4\" data-element_type=\"widget\" data-e-type=\"widget\" data-widget_type=\"text-editor.default\">\n\t\t\t\t<div class=\"elementor-widget-container\">\n\t\t\t\t\t\t\t\t\t<p><strong>Michael M\u00fcller<br><\/strong><\/p><p>Telefon: +49 6184 597838 0<br>E-Mail: <a href=\"mailto:mm@pvmrc.de\">mm@pvmrc.de<\/a><\/p>\t\t\t\t\t\t\t\t<\/div>\n\t\t\t\t<\/div>\n\t\t\t\t<\/div>\n\t\t\t\t\t<\/div>\n\t\t\t\t<\/div>\n\t\t<div class=\"elementor-element elementor-element-2cc2676 e-flex e-con-boxed e-con e-parent\" data-id=\"2cc2676\" data-element_type=\"container\" data-e-type=\"container\">\n\t\t\t\t\t<div class=\"e-con-inner\">\n\t\t\t\t<div class=\"elementor-element elementor-element-c1b88db elementor-widget elementor-widget-hfe-breadcrumbs-widget\" data-id=\"c1b88db\" data-element_type=\"widget\" data-e-type=\"widget\" data-widget_type=\"hfe-breadcrumbs-widget.default\">\n\t\t\t\t<div class=\"elementor-widget-container\">\n\t\t\t\t\t<nav aria-label=\"Breadcrumb\"><ul class=\"hfe-breadcrumbs hfe-breadcrumbs-show-home\"><li class=\"hfe-breadcrumbs-item hfe-breadcrumbs-first\"><span class=\"hfe-breadcrumbs-home-icon\"><svg aria-hidden=\"true\" class=\"e-font-icon-svg e-fas-home\" viewBox=\"0 0 576 512\" xmlns=\"http:\/\/www.w3.org\/2000\/svg\"><path d=\"M280.37 148.26L96 300.11V464a16 16 0 0 0 16 16l112.06-.29a16 16 0 0 0 15.92-16V368a16 16 0 0 1 16-16h64a16 16 0 0 1 16 16v95.64a16 16 0 0 0 16 16.05L464 480a16 16 0 0 0 16-16V300L295.67 148.26a12.19 12.19 0 0 0-15.3 0zM571.6 251.47L488 182.56V44.05a12 12 0 0 0-12-12h-56a12 12 0 0 0-12 12v72.61L318.47 43a48 48 0 0 0-61 0L4.34 251.47a12 12 0 0 0-1.6 16.9l25.5 31A12 12 0 0 0 45.15 301l235.22-193.74a12.19 12.19 0 0 1 15.3 0L530.9 301a12 12 0 0 0 16.9-1.6l25.5-31a12 12 0 0 0-1.7-16.93z\"><\/path><\/svg><\/span><a href=\"https:\/\/pvmrc.com\/de\/\"><span class=\"hfe-breadcrumbs-text\">Startseite<\/span><\/a><\/li><\/ul><\/nav>\t\t\t\t<\/div>\n\t\t\t\t<\/div>\n\t\t\t\t\t<\/div>\n\t\t\t\t<\/div>\n\t\t\t\t<\/div>\n\t\t","protected":false},"excerpt":{"rendered":"<p>PV-Modul-Recycling Projektanfrage Zertifizierte Entsorgung. Klare Dokumentation. Rechtssicherheit inklusive. Warum das Thema relevant ist Immer mehr PV-Anlagen erreichen das Ende ihrer Lebensdauer. Betreiber stehen vor der Herausforderung, ausgediente Module sicher, gesetzeskonform und nachvollziehbar zu entsorgen.Eine unsachgem\u00e4\u00dfe Entsorgung kann zu rechtlichen Risiken, Umweltbelastungen und Projektverz\u00f6gerungen f\u00fchren. PVMRC sorgt daf\u00fcr, dass Ihre Module regelkonform gesammelt, verarbeitet und recycelt [&hellip;]<\/p>\n","protected":false},"author":3,"featured_media":0,"parent":584,"menu_order":0,"comment_status":"closed","ping_status":"closed","template":"elementor_header_footer","meta":{"ocean_post_layout":"","ocean_both_sidebars_style":"","ocean_both_sidebars_content_width":0,"ocean_both_sidebars_sidebars_width":0,"ocean_sidebar":"","ocean_second_sidebar":"","ocean_disable_margins":"enable","ocean_add_body_class":"","ocean_shortcode_before_top_bar":"","ocean_shortcode_after_top_bar":"","ocean_shortcode_before_header":"","ocean_shortcode_after_header":"","ocean_has_shortcode":"","ocean_shortcode_after_title":"","ocean_shortcode_before_footer_widgets":"","ocean_shortcode_after_footer_widgets":"","ocean_shortcode_before_footer_bottom":"","ocean_shortcode_after_footer_bottom":"","ocean_display_top_bar":"default","ocean_display_header":"default","ocean_header_style":"","ocean_center_header_left_menu":"","ocean_custom_header_template":"","ocean_custom_logo":0,"ocean_custom_retina_logo":0,"ocean_custom_logo_max_width":0,"ocean_custom_logo_tablet_max_width":0,"ocean_custom_logo_mobile_max_width":0,"ocean_custom_logo_max_height":0,"ocean_custom_logo_tablet_max_height":0,"ocean_custom_logo_mobile_max_height":0,"ocean_header_custom_menu":"","ocean_menu_typo_font_family":"","ocean_menu_typo_font_subset":"","ocean_menu_typo_font_size":0,"ocean_menu_typo_font_size_tablet":0,"ocean_menu_typo_font_size_mobile":0,"ocean_menu_typo_font_size_unit":"px","ocean_menu_typo_font_weight":"","ocean_menu_typo_font_weight_tablet":"","ocean_menu_typo_font_weight_mobile":"","ocean_menu_typo_transform":"","ocean_menu_typo_transform_tablet":"","ocean_menu_typo_transform_mobile":"","ocean_menu_typo_line_height":0,"ocean_menu_typo_line_height_tablet":0,"ocean_menu_typo_line_height_mobile":0,"ocean_menu_typo_line_height_unit":"","ocean_menu_typo_spacing":0,"ocean_menu_typo_spacing_tablet":0,"ocean_menu_typo_spacing_mobile":0,"ocean_menu_typo_spacing_unit":"","ocean_menu_link_color":"","ocean_menu_link_color_hover":"","ocean_menu_link_color_active":"","ocean_menu_link_background":"","ocean_menu_link_hover_background":"","ocean_menu_link_active_background":"","ocean_menu_social_links_bg":"","ocean_menu_social_hover_links_bg":"","ocean_menu_social_links_color":"","ocean_menu_social_hover_links_color":"","ocean_disable_title":"default","ocean_disable_heading":"default","ocean_post_title":"","ocean_post_subheading":"","ocean_post_title_style":"","ocean_post_title_background_color":"","ocean_post_title_background":0,"ocean_post_title_bg_image_position":"","ocean_post_title_bg_image_attachment":"","ocean_post_title_bg_image_repeat":"","ocean_post_title_bg_image_size":"","ocean_post_title_height":0,"ocean_post_title_bg_overlay":0.5,"ocean_post_title_bg_overlay_color":"","ocean_disable_breadcrumbs":"default","ocean_breadcrumbs_color":"","ocean_breadcrumbs_separator_color":"","ocean_breadcrumbs_links_color":"","ocean_breadcrumbs_links_hover_color":"","ocean_display_footer_widgets":"default","ocean_display_footer_bottom":"default","ocean_custom_footer_template":"","footnotes":""},"class_list":["post-1144","page","type-page","status-publish","hentry","entry"],"_links":{"self":[{"href":"https:\/\/pvmrc.com\/de\/wp-json\/wp\/v2\/pages\/1144","targetHints":{"allow":["GET"]}}],"collection":[{"href":"https:\/\/pvmrc.com\/de\/wp-json\/wp\/v2\/pages"}],"about":[{"href":"https:\/\/pvmrc.com\/de\/wp-json\/wp\/v2\/types\/page"}],"author":[{"embeddable":true,"href":"https:\/\/pvmrc.com\/de\/wp-json\/wp\/v2\/users\/3"}],"replies":[{"embeddable":true,"href":"https:\/\/pvmrc.com\/de\/wp-json\/wp\/v2\/comments?post=1144"}],"version-history":[{"count":5,"href":"https:\/\/pvmrc.com\/de\/wp-json\/wp\/v2\/pages\/1144\/revisions"}],"predecessor-version":[{"id":3049,"href":"https:\/\/pvmrc.com\/de\/wp-json\/wp\/v2\/pages\/1144\/revisions\/3049"}],"up":[{"embeddable":true,"href":"https:\/\/pvmrc.com\/de\/wp-json\/wp\/v2\/pages\/584"}],"wp:attachment":[{"href":"https:\/\/pvmrc.com\/de\/wp-json\/wp\/v2\/media?parent=1144"}],"curies":[{"name":"wp","href":"https:\/\/api.w.org\/{rel}","templated":true}]}}