{"id":1264,"date":"2025-06-16T18:01:58","date_gmt":"2025-06-16T18:01:58","guid":{"rendered":"https:\/\/pvmrc.com\/datenschutzerklaerung\/"},"modified":"2025-08-23T06:23:48","modified_gmt":"2025-08-23T06:23:48","slug":"datenschutzerklaerung","status":"publish","type":"page","link":"https:\/\/pvmrc.com\/de\/datenschutzerklaerung\/","title":{"rendered":"Datenschutzerkl\u00e4rung"},"content":{"rendered":"\t\t<div data-elementor-type=\"wp-page\" data-elementor-id=\"1264\" class=\"elementor elementor-1264 elementor-1254\" data-elementor-post-type=\"page\">\n\t\t\t\t<div class=\"elementor-element elementor-element-6201c76f e-flex e-con-boxed e-con e-parent\" data-id=\"6201c76f\" data-element_type=\"container\" data-e-type=\"container\" data-settings=\"{&quot;background_background&quot;:&quot;classic&quot;}\">\n\t\t\t\t\t<div class=\"e-con-inner\">\n\t\t\t\t\t<\/div>\n\t\t\t\t<\/div>\n\t\t<div class=\"elementor-element elementor-element-5c50d5c3 e-flex e-con-boxed e-con e-parent\" data-id=\"5c50d5c3\" data-element_type=\"container\" data-e-type=\"container\">\n\t\t\t\t\t<div class=\"e-con-inner\">\n\t\t\t\t<div class=\"elementor-element elementor-element-5f6e6b10 elementor-widget elementor-widget-spacer\" data-id=\"5f6e6b10\" data-element_type=\"widget\" data-e-type=\"widget\" data-widget_type=\"spacer.default\">\n\t\t\t\t<div class=\"elementor-widget-container\">\n\t\t\t\t\t\t\t<div class=\"elementor-spacer\">\n\t\t\t<div class=\"elementor-spacer-inner\"><\/div>\n\t\t<\/div>\n\t\t\t\t\t\t<\/div>\n\t\t\t\t<\/div>\n\t\t\t\t\t<\/div>\n\t\t\t\t<\/div>\n\t\t<div class=\"elementor-element elementor-element-64fa1e4a e-flex e-con-boxed e-con e-parent\" data-id=\"64fa1e4a\" data-element_type=\"container\" data-e-type=\"container\">\n\t\t\t\t\t<div class=\"e-con-inner\">\n\t\t\t\t<div class=\"elementor-element elementor-element-69948693 elementor-widget elementor-widget-heading\" data-id=\"69948693\" data-element_type=\"widget\" data-e-type=\"widget\" data-widget_type=\"heading.default\">\n\t\t\t\t<div class=\"elementor-widget-container\">\n\t\t\t\t\t<h2 class=\"elementor-heading-title elementor-size-default\">Datenschutzerkl\u00e4rung<\/h2>\t\t\t\t<\/div>\n\t\t\t\t<\/div>\n\t\t\t\t<div class=\"elementor-element elementor-element-37a77029 elementor-widget elementor-widget-heading\" data-id=\"37a77029\" data-element_type=\"widget\" data-e-type=\"widget\" data-widget_type=\"heading.default\">\n\t\t\t\t<div class=\"elementor-widget-container\">\n\t\t\t\t\t<h3 class=\"elementor-heading-title elementor-size-default\">1. Einleitung<\/h3>\t\t\t\t<\/div>\n\t\t\t\t<\/div>\n\t\t\t\t<div class=\"elementor-element elementor-element-72a8af23 elementor-widget elementor-widget-text-editor\" data-id=\"72a8af23\" data-element_type=\"widget\" data-e-type=\"widget\" data-widget_type=\"text-editor.default\">\n\t\t\t\t<div class=\"elementor-widget-container\">\n\t\t\t\t\t\t\t\t\t<p data-start=\"387\" data-end=\"570\">Wir von der <strong data-start=\"393\" data-end=\"413\">PVMRC GmbH i.\u202fG.<\/strong> nehmen den Schutz Ihrer personenbezogenen Daten sehr ernst. Diese Datenschutzerkl\u00e4rung informiert Sie dar\u00fcber, wie wir Ihre Daten erheben, verwenden und sch\u00fctzen, wenn Sie unsere Website besuchen. <\/p><p data-start=\"572\" data-end=\"702\"><strong data-start=\"572\" data-end=\"587\">Verantwortlicher im Sinne der DSGVO:<\/strong><br data-start=\"587\" data-end=\"590\">PVMRC GmbH i.\u202fG.<br data-start=\"606\" data-end=\"609\">Auf der B\u00e4une 12<br data-start=\"625\" data-end=\"628\">63517 Rodenbach, Deutschland<br data-start=\"652\" data-end=\"655\">Telefon: +49 6182 8499663<br data-start=\"678\" data-end=\"681\">E-Mail: <a class=\"cursor-pointer\" rel=\"noopener\" data-start=\"688\" data-end=\"702\">info@pvmrc.com<\/a><\/p>\t\t\t\t\t\t\t\t<\/div>\n\t\t\t\t<\/div>\n\t\t\t\t<div class=\"elementor-element elementor-element-7b35f46d elementor-widget elementor-widget-spacer\" data-id=\"7b35f46d\" data-element_type=\"widget\" data-e-type=\"widget\" data-widget_type=\"spacer.default\">\n\t\t\t\t<div class=\"elementor-widget-container\">\n\t\t\t\t\t\t\t<div class=\"elementor-spacer\">\n\t\t\t<div class=\"elementor-spacer-inner\"><\/div>\n\t\t<\/div>\n\t\t\t\t\t\t<\/div>\n\t\t\t\t<\/div>\n\t\t\t\t<div class=\"elementor-element elementor-element-f0a2a62 elementor-widget elementor-widget-heading\" data-id=\"f0a2a62\" data-element_type=\"widget\" data-e-type=\"widget\" data-widget_type=\"heading.default\">\n\t\t\t\t<div class=\"elementor-widget-container\">\n\t\t\t\t\t<h3 class=\"elementor-heading-title elementor-size-default\">2. Allgemeine Datenerfassung<\/h3>\t\t\t\t<\/div>\n\t\t\t\t<\/div>\n\t\t\t\t<div class=\"elementor-element elementor-element-73cd8d67 elementor-widget elementor-widget-text-editor\" data-id=\"73cd8d67\" data-element_type=\"widget\" data-e-type=\"widget\" data-widget_type=\"text-editor.default\">\n\t\t\t\t<div class=\"elementor-widget-container\">\n\t\t\t\t\t\t\t\t\t<p data-start=\"735\" data-end=\"819\">Beim Besuch unserer Website werden automatisch bestimmte technische Daten erfasst, darunter:<\/p><ul><li>IP-Adresse (anonymisiert)<\/li><li>Browsertyp und -version<\/li><li>Betriebssystem<\/li><li>Referrer-URL (verweisende Seite)<\/li><li>Datum und Uhrzeit des Zugriffs<\/li><\/ul><p data-start=\"935\" data-end=\"1091\">Diese Daten dienen der Systemsicherheit, Leistungs\u00fcberwachung und Optimierung unserer Website. Eine Zuordnung zu bestimmten Personen erfolgt nicht. Die Daten werden nur vor\u00fcbergehend gespeichert. <\/p>\t\t\t\t\t\t\t\t<\/div>\n\t\t\t\t<\/div>\n\t\t\t\t<div class=\"elementor-element elementor-element-1ca316d9 elementor-widget elementor-widget-spacer\" data-id=\"1ca316d9\" data-element_type=\"widget\" data-e-type=\"widget\" data-widget_type=\"spacer.default\">\n\t\t\t\t<div class=\"elementor-widget-container\">\n\t\t\t\t\t\t\t<div class=\"elementor-spacer\">\n\t\t\t<div class=\"elementor-spacer-inner\"><\/div>\n\t\t<\/div>\n\t\t\t\t\t\t<\/div>\n\t\t\t\t<\/div>\n\t\t\t\t<div class=\"elementor-element elementor-element-3c5a5fa6 elementor-widget elementor-widget-heading\" data-id=\"3c5a5fa6\" data-element_type=\"widget\" data-e-type=\"widget\" data-widget_type=\"heading.default\">\n\t\t\t\t<div class=\"elementor-widget-container\">\n\t\t\t\t\t<h3 class=\"elementor-heading-title elementor-size-default\">3. Verwendung von Cookies<\/h3>\t\t\t\t<\/div>\n\t\t\t\t<\/div>\n\t\t\t\t<div class=\"elementor-element elementor-element-3d17fa9e elementor-widget elementor-widget-text-editor\" data-id=\"3d17fa9e\" data-element_type=\"widget\" data-e-type=\"widget\" data-widget_type=\"text-editor.default\">\n\t\t\t\t<div class=\"elementor-widget-container\">\n\t\t\t\t\t\t\t\t\t<p data-start=\"1115\" data-end=\"1237\">Unsere Website verwendet Cookies, um Funktionalit\u00e4t und Nutzererlebnis zu verbessern. Cookies sind kleine Textdateien, die auf Ihrem Endger\u00e4t gespeichert werden. <\/p><p data-start=\"1239\" data-end=\"1350\">Sie k\u00f6nnen Cookies \u00fcber die Einstellungen Ihres Browsers kontrollieren oder l\u00f6schen. Bitte beachten Sie, dass das Deaktivieren von Cookies die Funktionalit\u00e4t unserer Website einschr\u00e4nken kann. <\/p>\t\t\t\t\t\t\t\t<\/div>\n\t\t\t\t<\/div>\n\t\t\t\t<div class=\"elementor-element elementor-element-7b808c6b elementor-widget elementor-widget-spacer\" data-id=\"7b808c6b\" data-element_type=\"widget\" data-e-type=\"widget\" data-widget_type=\"spacer.default\">\n\t\t\t\t<div class=\"elementor-widget-container\">\n\t\t\t\t\t\t\t<div class=\"elementor-spacer\">\n\t\t\t<div class=\"elementor-spacer-inner\"><\/div>\n\t\t<\/div>\n\t\t\t\t\t\t<\/div>\n\t\t\t\t<\/div>\n\t\t\t\t<div class=\"elementor-element elementor-element-41b74bb8 elementor-widget elementor-widget-heading\" data-id=\"41b74bb8\" data-element_type=\"widget\" data-e-type=\"widget\" data-widget_type=\"heading.default\">\n\t\t\t\t<div class=\"elementor-widget-container\">\n\t\t\t\t\t<h3 class=\"elementor-heading-title elementor-size-default\">4. Google Analytics<\/h3>\t\t\t\t<\/div>\n\t\t\t\t<\/div>\n\t\t\t\t<div class=\"elementor-element elementor-element-5861a035 elementor-widget elementor-widget-text-editor\" data-id=\"5861a035\" data-element_type=\"widget\" data-e-type=\"widget\" data-widget_type=\"text-editor.default\">\n\t\t\t\t<div class=\"elementor-widget-container\">\n\t\t\t\t\t\t\t\t\t<p data-start=\"1376\" data-end=\"1590\">Diese Website nutzt <strong data-start=\"1394\" data-end=\"1414\">Google Analytics<\/strong>, einen Webanalysedienst der Google Ireland Limited (Gordon House, Barrow Street, Dublin 4, Irland). Google Analytics verwendet Cookies, um die Nutzung der Website zu analysieren. <\/p><p data-start=\"1592\" data-end=\"1683\">Wir verwenden <strong data-start=\"1599\" data-end=\"1619\">IP-Anonymisierung<\/strong>. Ihre IP-Adresse wird vor der Verarbeitung durch Google gek\u00fcrzt. <\/p><p data-start=\"1685\" data-end=\"1804\">Google wertet diese Informationen in unserem Auftrag aus, erstellt Berichte und erbringt weitere Dienstleistungen zur Website-Nutzung.<\/p><p data-start=\"1806\" data-end=\"2025\">Sie k\u00f6nnen die Erfassung der durch das Cookie erzeugten und auf Ihre Nutzung der Website bezogenen Daten (inkl. Ihrer IP-Adresse) verhindern, indem Sie folgendes Browser-Plugin installieren:<br data-start=\"1938\" data-end=\"1941\"><a class=\"cursor-pointer\" target=\"_new\" rel=\"noopener\" data-start=\"1941\" data-end=\"2025\">https:\/\/tools.google.com\/dlpage\/gaoptout<\/a><\/p><p data-start=\"2027\" data-end=\"2121\">Weitere Informationen:<br data-start=\"2044\" data-end=\"2047\"><a class=\"cursor-pointer\" target=\"_new\" rel=\"noopener\" data-start=\"2047\" data-end=\"2121\">https:\/\/policies.google.com\/privacy<\/a><\/p>\t\t\t\t\t\t\t\t<\/div>\n\t\t\t\t<\/div>\n\t\t\t\t<div class=\"elementor-element elementor-element-7cad45f8 elementor-widget elementor-widget-spacer\" data-id=\"7cad45f8\" data-element_type=\"widget\" data-e-type=\"widget\" data-widget_type=\"spacer.default\">\n\t\t\t\t<div class=\"elementor-widget-container\">\n\t\t\t\t\t\t\t<div class=\"elementor-spacer\">\n\t\t\t<div class=\"elementor-spacer-inner\"><\/div>\n\t\t<\/div>\n\t\t\t\t\t\t<\/div>\n\t\t\t\t<\/div>\n\t\t\t\t\t<\/div>\n\t\t\t\t<\/div>\n\t\t<div class=\"elementor-element elementor-element-49a880ea e-flex e-con-boxed e-con e-parent\" data-id=\"49a880ea\" data-element_type=\"container\" data-e-type=\"container\">\n\t\t\t\t\t<div class=\"e-con-inner\">\n\t\t\t\t<div class=\"elementor-element elementor-element-51ce46df elementor-widget elementor-widget-heading\" data-id=\"51ce46df\" data-element_type=\"widget\" data-e-type=\"widget\" data-widget_type=\"heading.default\">\n\t\t\t\t<div class=\"elementor-widget-container\">\n\t\t\t\t\t<h2 class=\"elementor-heading-title elementor-size-default\">5. Kontaktformulare<\/h2>\t\t\t\t<\/div>\n\t\t\t\t<\/div>\n\t\t\t\t<div class=\"elementor-element elementor-element-1b064f58 elementor-widget elementor-widget-text-editor\" data-id=\"1b064f58\" data-element_type=\"widget\" data-e-type=\"widget\" data-widget_type=\"text-editor.default\">\n\t\t\t\t<div class=\"elementor-widget-container\">\n\t\t\t\t\t\t\t\t\t<p data-start=\"2144\" data-end=\"2326\">Wenn Sie personenbezogene Daten \u00fcber ein Kontakt- oder Projektformular \u00fcbermitteln (z.\u202fB. Name, E-Mail, Telefonnummer), verwenden wir diese ausschlie\u00dflich zur Bearbeitung Ihrer Anfrage. Eine Weitergabe an Dritte erfolgt nicht ohne Ihre Einwilligung.<\/p>\t\t\t\t\t\t\t\t<\/div>\n\t\t\t\t<\/div>\n\t\t\t\t<div class=\"elementor-element elementor-element-2fbae57f elementor-widget elementor-widget-spacer\" data-id=\"2fbae57f\" data-element_type=\"widget\" data-e-type=\"widget\" data-widget_type=\"spacer.default\">\n\t\t\t\t<div class=\"elementor-widget-container\">\n\t\t\t\t\t\t\t<div class=\"elementor-spacer\">\n\t\t\t<div class=\"elementor-spacer-inner\"><\/div>\n\t\t<\/div>\n\t\t\t\t\t\t<\/div>\n\t\t\t\t<\/div>\n\t\t\t\t<div class=\"elementor-element elementor-element-48b75a2 elementor-widget elementor-widget-heading\" data-id=\"48b75a2\" data-element_type=\"widget\" data-e-type=\"widget\" data-widget_type=\"heading.default\">\n\t\t\t\t<div class=\"elementor-widget-container\">\n\t\t\t\t\t<h2 class=\"elementor-heading-title elementor-size-default\">6. Datensicherheit<\/h2>\t\t\t\t<\/div>\n\t\t\t\t<\/div>\n\t\t\t\t<div class=\"elementor-element elementor-element-d36a458 elementor-widget elementor-widget-text-editor\" data-id=\"d36a458\" data-element_type=\"widget\" data-e-type=\"widget\" data-widget_type=\"text-editor.default\">\n\t\t\t\t<div class=\"elementor-widget-container\">\n\t\t\t\t\t\t\t\t\t<p data-start=\"2349\" data-end=\"2487\">Wir setzen geeignete technische und organisatorische Ma\u00dfnahmen ein, um Ihre Daten vor Verlust, Missbrauch, unbefugtem Zugriff oder Offenlegung zu sch\u00fctzen.<\/p>\t\t\t\t\t\t\t\t<\/div>\n\t\t\t\t<\/div>\n\t\t\t\t<div class=\"elementor-element elementor-element-7c9b0ee elementor-widget elementor-widget-spacer\" data-id=\"7c9b0ee\" data-element_type=\"widget\" data-e-type=\"widget\" data-widget_type=\"spacer.default\">\n\t\t\t\t<div class=\"elementor-widget-container\">\n\t\t\t\t\t\t\t<div class=\"elementor-spacer\">\n\t\t\t<div class=\"elementor-spacer-inner\"><\/div>\n\t\t<\/div>\n\t\t\t\t\t\t<\/div>\n\t\t\t\t<\/div>\n\t\t\t\t<div class=\"elementor-element elementor-element-4d30e73d elementor-widget elementor-widget-heading\" data-id=\"4d30e73d\" data-element_type=\"widget\" data-e-type=\"widget\" data-widget_type=\"heading.default\">\n\t\t\t\t<div class=\"elementor-widget-container\">\n\t\t\t\t\t<h2 class=\"elementor-heading-title elementor-size-default\">7. Ihre Rechte<\/h2>\t\t\t\t<\/div>\n\t\t\t\t<\/div>\n\t\t\t\t<div class=\"elementor-element elementor-element-30aefc90 elementor-widget elementor-widget-text-editor\" data-id=\"30aefc90\" data-element_type=\"widget\" data-e-type=\"widget\" data-widget_type=\"text-editor.default\">\n\t\t\t\t<div class=\"elementor-widget-container\">\n\t\t\t\t\t\t\t\t\t<p data-start=\"2508\" data-end=\"2564\">Als betroffene Person gem\u00e4\u00df DSGVO haben Sie das Recht auf:<\/p><ul><li data-start=\"2568\" data-end=\"2608\">Auskunft \u00fcber Ihre gespeicherten Daten (Art. 15 DSGVO)<\/li><li data-start=\"2611\" data-end=\"2648\">Berichtigung unrichtiger Daten (Art. 16 DSGVO)<\/li><li data-start=\"2651\" data-end=\"2699\">L\u00f6schung (\u201eRecht auf Vergessenwerden\u201c) (Art. 17 DSGVO)<\/li><li data-start=\"2702\" data-end=\"2736\">Einschr\u00e4nkung der Verarbeitung (Art. 18 DSGVO)<\/li><li data-start=\"2739\" data-end=\"2770\">Daten\u00fcbertragbarkeit (Art. 20 DSGVO)<\/li><li data-start=\"2773\" data-end=\"2808\">Widerspruch gegen die Verarbeitung (Art. 21 DSGVO)<\/li><\/ul><p data-start=\"2810\" data-end=\"2871\">Zur Aus\u00fcbung Ihrer Rechte kontaktieren Sie uns bitte unter: <a class=\"cursor-pointer\" rel=\"noopener\" data-start=\"2857\" data-end=\"2871\">info@pvmrc.com<\/a><\/p>\t\t\t\t\t\t\t\t<\/div>\n\t\t\t\t<\/div>\n\t\t\t\t<div class=\"elementor-element elementor-element-305c2fba elementor-widget elementor-widget-spacer\" data-id=\"305c2fba\" data-element_type=\"widget\" data-e-type=\"widget\" data-widget_type=\"spacer.default\">\n\t\t\t\t<div class=\"elementor-widget-container\">\n\t\t\t\t\t\t\t<div class=\"elementor-spacer\">\n\t\t\t<div class=\"elementor-spacer-inner\"><\/div>\n\t\t<\/div>\n\t\t\t\t\t\t<\/div>\n\t\t\t\t<\/div>\n\t\t\t\t<div class=\"elementor-element elementor-element-70090190 elementor-widget elementor-widget-heading\" data-id=\"70090190\" data-element_type=\"widget\" data-e-type=\"widget\" data-widget_type=\"heading.default\">\n\t\t\t\t<div class=\"elementor-widget-container\">\n\t\t\t\t\t<h2 class=\"elementor-heading-title elementor-size-default\">8. Speicherdauer<\/h2>\t\t\t\t<\/div>\n\t\t\t\t<\/div>\n\t\t\t\t<div class=\"elementor-element elementor-element-2cd0d7ba elementor-widget elementor-widget-text-editor\" data-id=\"2cd0d7ba\" data-element_type=\"widget\" data-e-type=\"widget\" data-widget_type=\"text-editor.default\">\n\t\t\t\t<div class=\"elementor-widget-container\">\n\t\t\t\t\t\t\t\t\t<p data-start=\"2895\" data-end=\"2995\">Wir speichern Ihre personenbezogenen Daten nur so lange, wie es f\u00fcr die jeweiligen Zwecke erforderlich ist oder gesetzliche Aufbewahrungspflichten bestehen.<\/p>\t\t\t\t\t\t\t\t<\/div>\n\t\t\t\t<\/div>\n\t\t\t\t<div class=\"elementor-element elementor-element-2ca2698 elementor-widget elementor-widget-spacer\" data-id=\"2ca2698\" data-element_type=\"widget\" data-e-type=\"widget\" data-widget_type=\"spacer.default\">\n\t\t\t\t<div class=\"elementor-widget-container\">\n\t\t\t\t\t\t\t<div class=\"elementor-spacer\">\n\t\t\t<div class=\"elementor-spacer-inner\"><\/div>\n\t\t<\/div>\n\t\t\t\t\t\t<\/div>\n\t\t\t\t<\/div>\n\t\t\t\t<div class=\"elementor-element elementor-element-22373a0 elementor-widget elementor-widget-heading\" data-id=\"22373a0\" data-element_type=\"widget\" data-e-type=\"widget\" data-widget_type=\"heading.default\">\n\t\t\t\t<div class=\"elementor-widget-container\">\n\t\t\t\t\t<h2 class=\"elementor-heading-title elementor-size-default\">9. Externe Links<\/h2>\t\t\t\t<\/div>\n\t\t\t\t<\/div>\n\t\t\t\t<div class=\"elementor-element elementor-element-7ca2e1d elementor-widget elementor-widget-text-editor\" data-id=\"7ca2e1d\" data-element_type=\"widget\" data-e-type=\"widget\" data-widget_type=\"text-editor.default\">\n\t\t\t\t<div class=\"elementor-widget-container\">\n\t\t\t\t\t\t\t\t\t<p data-start=\"2895\" data-end=\"2995\">Unsere Website kann Links zu externen Websites enthalten. F\u00fcr deren Inhalte und Datenschutzpraktiken \u00fcbernehmen wir keine Verantwortung. <\/p>\t\t\t\t\t\t\t\t<\/div>\n\t\t\t\t<\/div>\n\t\t\t\t<div class=\"elementor-element elementor-element-77b2d36 elementor-widget elementor-widget-spacer\" data-id=\"77b2d36\" data-element_type=\"widget\" data-e-type=\"widget\" data-widget_type=\"spacer.default\">\n\t\t\t\t<div class=\"elementor-widget-container\">\n\t\t\t\t\t\t\t<div class=\"elementor-spacer\">\n\t\t\t<div class=\"elementor-spacer-inner\"><\/div>\n\t\t<\/div>\n\t\t\t\t\t\t<\/div>\n\t\t\t\t<\/div>\n\t\t\t\t<div class=\"elementor-element elementor-element-9aa5481 elementor-widget elementor-widget-heading\" data-id=\"9aa5481\" data-element_type=\"widget\" data-e-type=\"widget\" data-widget_type=\"heading.default\">\n\t\t\t\t<div class=\"elementor-widget-container\">\n\t\t\t\t\t<h2 class=\"elementor-heading-title elementor-size-default\">10. \u00c4nderungen dieser Datenschutzerkl\u00e4rung<\/h2>\t\t\t\t<\/div>\n\t\t\t\t<\/div>\n\t\t\t\t<div class=\"elementor-element elementor-element-97c01cd elementor-widget elementor-widget-text-editor\" data-id=\"97c01cd\" data-element_type=\"widget\" data-e-type=\"widget\" data-widget_type=\"text-editor.default\">\n\t\t\t\t<div class=\"elementor-widget-container\">\n\t\t\t\t\t\t\t\t\t<p data-start=\"3195\" data-end=\"3316\">Wir behalten uns vor, diese Erkl\u00e4rung anzupassen, um sie an gesetzliche Vorgaben oder technische \u00c4nderungen anzupassen. Bitte pr\u00fcfen Sie diese Seite regelm\u00e4\u00dfig. <\/p><p data-start=\"3318\" data-end=\"3345\"><em data-start=\"3318\" data-end=\"3345\">Stand: Juni 2025<\/em><\/p>\t\t\t\t\t\t\t\t<\/div>\n\t\t\t\t<\/div>\n\t\t\t\t<div class=\"elementor-element elementor-element-27806ee2 elementor-widget elementor-widget-spacer\" data-id=\"27806ee2\" data-element_type=\"widget\" data-e-type=\"widget\" data-widget_type=\"spacer.default\">\n\t\t\t\t<div class=\"elementor-widget-container\">\n\t\t\t\t\t\t\t<div class=\"elementor-spacer\">\n\t\t\t<div class=\"elementor-spacer-inner\"><\/div>\n\t\t<\/div>\n\t\t\t\t\t\t<\/div>\n\t\t\t\t<\/div>\n\t\t\t\t\t<\/div>\n\t\t\t\t<\/div>\n\t\t\t\t<\/div>\n\t\t","protected":false},"excerpt":{"rendered":"<p>Datenschutzerkl\u00e4rung 1. Einleitung Wir von der PVMRC GmbH i.\u202fG. nehmen den Schutz Ihrer personenbezogenen Daten sehr ernst. Diese Datenschutzerkl\u00e4rung informiert Sie dar\u00fcber, wie wir Ihre Daten erheben, verwenden und sch\u00fctzen, wenn Sie unsere Website besuchen. Verantwortlicher im Sinne der DSGVO:PVMRC GmbH i.\u202fG.Auf der B\u00e4une 1263517 Rodenbach, DeutschlandTelefon: +49 6182 8499663E-Mail: info@pvmrc.com 2. Allgemeine Datenerfassung Beim [&hellip;]<\/p>\n","protected":false},"author":3,"featured_media":0,"parent":0,"menu_order":0,"comment_status":"closed","ping_status":"closed","template":"elementor_header_footer","meta":{"ocean_post_layout":"","ocean_both_sidebars_style":"","ocean_both_sidebars_content_width":0,"ocean_both_sidebars_sidebars_width":0,"ocean_sidebar":"","ocean_second_sidebar":"","ocean_disable_margins":"enable","ocean_add_body_class":"","ocean_shortcode_before_top_bar":"","ocean_shortcode_after_top_bar":"","ocean_shortcode_before_header":"","ocean_shortcode_after_header":"","ocean_has_shortcode":"","ocean_shortcode_after_title":"","ocean_shortcode_before_footer_widgets":"","ocean_shortcode_after_footer_widgets":"","ocean_shortcode_before_footer_bottom":"","ocean_shortcode_after_footer_bottom":"","ocean_display_top_bar":"default","ocean_display_header":"default","ocean_header_style":"","ocean_center_header_left_menu":"","ocean_custom_header_template":"","ocean_custom_logo":0,"ocean_custom_retina_logo":0,"ocean_custom_logo_max_width":0,"ocean_custom_logo_tablet_max_width":0,"ocean_custom_logo_mobile_max_width":0,"ocean_custom_logo_max_height":0,"ocean_custom_logo_tablet_max_height":0,"ocean_custom_logo_mobile_max_height":0,"ocean_header_custom_menu":"","ocean_menu_typo_font_family":"","ocean_menu_typo_font_subset":"","ocean_menu_typo_font_size":0,"ocean_menu_typo_font_size_tablet":0,"ocean_menu_typo_font_size_mobile":0,"ocean_menu_typo_font_size_unit":"px","ocean_menu_typo_font_weight":"","ocean_menu_typo_font_weight_tablet":"","ocean_menu_typo_font_weight_mobile":"","ocean_menu_typo_transform":"","ocean_menu_typo_transform_tablet":"","ocean_menu_typo_transform_mobile":"","ocean_menu_typo_line_height":0,"ocean_menu_typo_line_height_tablet":0,"ocean_menu_typo_line_height_mobile":0,"ocean_menu_typo_line_height_unit":"","ocean_menu_typo_spacing":0,"ocean_menu_typo_spacing_tablet":0,"ocean_menu_typo_spacing_mobile":0,"ocean_menu_typo_spacing_unit":"","ocean_menu_link_color":"","ocean_menu_link_color_hover":"","ocean_menu_link_color_active":"","ocean_menu_link_background":"","ocean_menu_link_hover_background":"","ocean_menu_link_active_background":"","ocean_menu_social_links_bg":"","ocean_menu_social_hover_links_bg":"","ocean_menu_social_links_color":"","ocean_menu_social_hover_links_color":"","ocean_disable_title":"default","ocean_disable_heading":"default","ocean_post_title":"","ocean_post_subheading":"","ocean_post_title_style":"","ocean_post_title_background_color":"","ocean_post_title_background":0,"ocean_post_title_bg_image_position":"","ocean_post_title_bg_image_attachment":"","ocean_post_title_bg_image_repeat":"","ocean_post_title_bg_image_size":"","ocean_post_title_height":0,"ocean_post_title_bg_overlay":0.5,"ocean_post_title_bg_overlay_color":"","ocean_disable_breadcrumbs":"default","ocean_breadcrumbs_color":"","ocean_breadcrumbs_separator_color":"","ocean_breadcrumbs_links_color":"","ocean_breadcrumbs_links_hover_color":"","ocean_display_footer_widgets":"default","ocean_display_footer_bottom":"default","ocean_custom_footer_template":"","footnotes":""},"class_list":["post-1264","page","type-page","status-publish","hentry","entry"],"_links":{"self":[{"href":"https:\/\/pvmrc.com\/de\/wp-json\/wp\/v2\/pages\/1264","targetHints":{"allow":["GET"]}}],"collection":[{"href":"https:\/\/pvmrc.com\/de\/wp-json\/wp\/v2\/pages"}],"about":[{"href":"https:\/\/pvmrc.com\/de\/wp-json\/wp\/v2\/types\/page"}],"author":[{"embeddable":true,"href":"https:\/\/pvmrc.com\/de\/wp-json\/wp\/v2\/users\/3"}],"replies":[{"embeddable":true,"href":"https:\/\/pvmrc.com\/de\/wp-json\/wp\/v2\/comments?post=1264"}],"version-history":[{"count":0,"href":"https:\/\/pvmrc.com\/de\/wp-json\/wp\/v2\/pages\/1264\/revisions"}],"wp:attachment":[{"href":"https:\/\/pvmrc.com\/de\/wp-json\/wp\/v2\/media?parent=1264"}],"curies":[{"name":"wp","href":"https:\/\/api.w.org\/{rel}","templated":true}]}}