{"id":1608,"date":"2025-07-03T09:36:45","date_gmt":"2025-07-03T09:36:45","guid":{"rendered":"https:\/\/pvmrc.com\/?page_id=1608"},"modified":"2025-08-28T08:19:47","modified_gmt":"2025-08-28T08:19:47","slug":"thermografische-befliegung-effizienz-check-aus-der-luft","status":"publish","type":"page","link":"https:\/\/pvmrc.com\/de\/leistungen\/thermografische-befliegung-effizienz-check-aus-der-luft\/","title":{"rendered":"Thermografische Befliegung &#8211; Effizienz-Check aus der Luft"},"content":{"rendered":"\t\t<div data-elementor-type=\"wp-page\" data-elementor-id=\"1608\" class=\"elementor elementor-1608 elementor-1555\" data-elementor-post-type=\"page\">\n\t\t\t\t<div class=\"elementor-element elementor-element-7fabf792 e-flex e-con-boxed e-con e-parent\" data-id=\"7fabf792\" data-element_type=\"container\" data-e-type=\"container\" data-settings=\"{&quot;background_background&quot;:&quot;slideshow&quot;,&quot;background_slideshow_gallery&quot;:[{&quot;id&quot;:1599,&quot;url&quot;:&quot;https:\\\/\\\/pvmrc.com\\\/wp-content\\\/uploads\\\/2025\\\/07\\\/Thermographic-Drone-Inspections-for-PV-Systems-PVMRC-07.jpg&quot;},{&quot;id&quot;:1576,&quot;url&quot;:&quot;https:\\\/\\\/pvmrc.com\\\/wp-content\\\/uploads\\\/2025\\\/07\\\/Thermographic-Drone-Inspections-for-PV-Systems.jpg&quot;},{&quot;id&quot;:1578,&quot;url&quot;:&quot;https:\\\/\\\/pvmrc.com\\\/wp-content\\\/uploads\\\/2025\\\/07\\\/Thermographic-Drone-Inspections-for-PV-Systems-PVMRC-04.jpg&quot;},{&quot;id&quot;:1591,&quot;url&quot;:&quot;https:\\\/\\\/pvmrc.com\\\/wp-content\\\/uploads\\\/2025\\\/07\\\/Thermographic-Drone-Inspections-for-PV-Systems-PVMRC-06-s.jpg&quot;}],&quot;background_slideshow_ken_burns&quot;:&quot;yes&quot;,&quot;background_slideshow_loop&quot;:&quot;yes&quot;,&quot;background_slideshow_slide_duration&quot;:5000,&quot;background_slideshow_slide_transition&quot;:&quot;fade&quot;,&quot;background_slideshow_transition_duration&quot;:500,&quot;background_slideshow_ken_burns_zoom_direction&quot;:&quot;in&quot;}\">\n\t\t\t\t\t<div class=\"e-con-inner\">\n\t\t\t\t<div class=\"elementor-element elementor-element-6bc5c109 elementor-widget elementor-widget-heading\" data-id=\"6bc5c109\" data-element_type=\"widget\" data-e-type=\"widget\" data-widget_type=\"heading.default\">\n\t\t\t\t<div class=\"elementor-widget-container\">\n\t\t\t\t\t<h1 class=\"elementor-heading-title elementor-size-default\">Thermografische Befliegung f\u00fcr PV-Anlagen<\/h1>\t\t\t\t<\/div>\n\t\t\t\t<\/div>\n\t\t\t\t<div class=\"elementor-element elementor-element-35dc33d4 elementor-widget__width-initial elementor-widget elementor-widget-text-editor\" data-id=\"35dc33d4\" data-element_type=\"widget\" data-e-type=\"widget\" data-widget_type=\"text-editor.default\">\n\t\t\t\t<div class=\"elementor-widget-container\">\n\t\t\t\t\t\t\t\t\t<p>Schnelle und pr\u00e4zise thermografische Drohneninspektionen f\u00fcr PV-Anlagen. Erkennung von Hotspots, Defekten und Degradation. Ideal f\u00fcr Wartung, Weiterverkauf und R\u00fcckbau. <\/p>\t\t\t\t\t\t\t\t<\/div>\n\t\t\t\t<\/div>\n\t\t\t\t<div class=\"elementor-element elementor-element-485a6d2e elementor-align-center elementor-invisible elementor-widget elementor-widget-button\" data-id=\"485a6d2e\" data-element_type=\"widget\" data-e-type=\"widget\" data-settings=\"{&quot;_animation&quot;:&quot;fadeIn&quot;}\" data-widget_type=\"button.default\">\n\t\t\t\t<div class=\"elementor-widget-container\">\n\t\t\t\t\t\t\t\t\t<div class=\"elementor-button-wrapper\">\n\t\t\t\t\t<a class=\"elementor-button elementor-button-link elementor-size-sm\" href=\"https:\/\/pvmrc.com\/de\/anfrageformular-fuer-projekte-pv-modul-recycling\/\">\n\t\t\t\t\t\t<span class=\"elementor-button-content-wrapper\">\n\t\t\t\t\t\t\t\t\t<span class=\"elementor-button-text\">PROJEKT ANFRAGE<\/span>\n\t\t\t\t\t<\/span>\n\t\t\t\t\t<\/a>\n\t\t\t\t<\/div>\n\t\t\t\t\t\t\t\t<\/div>\n\t\t\t\t<\/div>\n\t\t\t\t\t<\/div>\n\t\t\t\t<\/div>\n\t\t<div class=\"elementor-element elementor-element-49e5a54 e-flex e-con-boxed e-con e-parent\" data-id=\"49e5a54\" data-element_type=\"container\" data-e-type=\"container\">\n\t\t\t\t\t<div class=\"e-con-inner\">\n\t\t\t\t<div class=\"elementor-element elementor-element-83016a9 elementor-widget elementor-widget-heading\" data-id=\"83016a9\" data-element_type=\"widget\" data-e-type=\"widget\" data-widget_type=\"heading.default\">\n\t\t\t\t<div class=\"elementor-widget-container\">\n\t\t\t\t\t<h2 class=\"elementor-heading-title elementor-size-default\">Thermografische Befliegung<\/h2>\t\t\t\t<\/div>\n\t\t\t\t<\/div>\n\t\t\t\t<div class=\"elementor-element elementor-element-8bafd01 elementor-widget elementor-widget-heading\" data-id=\"8bafd01\" data-element_type=\"widget\" data-e-type=\"widget\" data-widget_type=\"heading.default\">\n\t\t\t\t<div class=\"elementor-widget-container\">\n\t\t\t\t\t<h3 class=\"elementor-heading-title elementor-size-default\">Pr\u00e4zise Analyse von PV-Modulen: schnell, exakt, ber\u00fchrungslos<\/h3>\t\t\t\t<\/div>\n\t\t\t\t<\/div>\n\t\t\t\t\t<\/div>\n\t\t\t\t<\/div>\n\t\t<div class=\"elementor-element elementor-element-57f7239 e-flex e-con-boxed e-con e-parent\" data-id=\"57f7239\" data-element_type=\"container\" data-e-type=\"container\">\n\t\t\t\t\t<div class=\"e-con-inner\">\n\t\t\t\t<div class=\"elementor-element elementor-element-04eef3b elementor-widget elementor-widget-text-editor\" data-id=\"04eef3b\" data-element_type=\"widget\" data-e-type=\"widget\" data-widget_type=\"text-editor.default\">\n\t\t\t\t<div class=\"elementor-widget-container\">\n\t\t\t\t\t\t\t\t\t<p>Mit modernster Drohnentechnologie und hochaufl\u00f6sender Thermografie unterst\u00fctzen wir Betreiber von PV-Anlagen bei der schnellen und zuverl\u00e4ssigen Erkennung von Defekten, Degradation und Hotspots. Unsere Befliegungen liefern belastbare Daten \u00fcber den Zustand Ihrer Anlage. F\u00fcr sichere Entscheidungen bei R\u00fcckbau, RePowering oder Weiterbetrieb.  <\/p>\t\t\t\t\t\t\t\t<\/div>\n\t\t\t\t<\/div>\n\t\t\t\t\t<\/div>\n\t\t\t\t<\/div>\n\t\t<div class=\"elementor-element elementor-element-11545f3 e-flex e-con-boxed e-con e-parent\" data-id=\"11545f3\" data-element_type=\"container\" data-e-type=\"container\">\n\t\t\t\t\t<div class=\"e-con-inner\">\n\t\t<div class=\"elementor-element elementor-element-6679a69 e-con-full e-flex e-con e-child\" data-id=\"6679a69\" data-element_type=\"container\" data-e-type=\"container\">\n\t\t\t\t<div class=\"elementor-element elementor-element-8a28e53 elementor-widget elementor-widget-text-editor\" data-id=\"8a28e53\" data-element_type=\"widget\" data-e-type=\"widget\" data-widget_type=\"text-editor.default\">\n\t\t\t\t<div class=\"elementor-widget-container\">\n\t\t\t\t\t\t\t\t\t<p><strong data-start=\"615\" data-end=\"644\">Vorteile auf einen Blick<\/strong><\/p><ul><li><strong>Schnelle Diagnose<\/strong> gro\u00dfer Freifl\u00e4chenanlagen und Dachsysteme<\/li><li><strong>Fr\u00fchzeitige Fehlererkennung <\/strong>(z.\u202fB. Zellsch\u00e4den, Stringausf\u00e4lle, Hotspots)<\/li><li><strong>Transparente Zustandsberichte<\/strong> als Entscheidungsgrundlage f\u00fcr Investoren, Betreiber und Gutachter<\/li><li><strong>Drohnen-gest\u00fctzte Datenerhebung <\/strong>ohne Eingriff in den laufenden Betrieb<\/li><\/ul>\t\t\t\t\t\t\t\t<\/div>\n\t\t\t\t<\/div>\n\t\t\t\t<\/div>\n\t\t<div class=\"elementor-element elementor-element-c234f56 e-con-full e-flex e-con e-child\" data-id=\"c234f56\" data-element_type=\"container\" data-e-type=\"container\">\n\t\t\t\t<div class=\"elementor-element elementor-element-98def14 elementor-widget elementor-widget-image\" data-id=\"98def14\" data-element_type=\"widget\" data-e-type=\"widget\" data-widget_type=\"image.default\">\n\t\t\t\t<div class=\"elementor-widget-container\">\n\t\t\t\t\t\t\t\t\t\t\t\t\t\t\t<img fetchpriority=\"high\" decoding=\"async\" width=\"1536\" height=\"1024\" src=\"https:\/\/pvmrc.com\/wp-content\/uploads\/2025\/07\/Thermographic-Drone-Inspections-for-PV-Systems-PVMRC-09.jpg\" class=\"attachment-full size-full wp-image-1604\" alt=\"Thermografische Drohneninspektionen f\u00fcr PV-Systeme PVMRC\" srcset=\"https:\/\/pvmrc.com\/wp-content\/uploads\/2025\/07\/Thermographic-Drone-Inspections-for-PV-Systems-PVMRC-09.jpg 1536w, https:\/\/pvmrc.com\/wp-content\/uploads\/2025\/07\/Thermographic-Drone-Inspections-for-PV-Systems-PVMRC-09-400x267.jpg 400w, https:\/\/pvmrc.com\/wp-content\/uploads\/2025\/07\/Thermographic-Drone-Inspections-for-PV-Systems-PVMRC-09-300x200.jpg 300w, https:\/\/pvmrc.com\/wp-content\/uploads\/2025\/07\/Thermographic-Drone-Inspections-for-PV-Systems-PVMRC-09-1024x683.jpg 1024w, https:\/\/pvmrc.com\/wp-content\/uploads\/2025\/07\/Thermographic-Drone-Inspections-for-PV-Systems-PVMRC-09-768x512.jpg 768w\" sizes=\"(max-width: 1536px) 100vw, 1536px\" \/>\t\t\t\t\t\t\t\t\t\t\t\t\t\t\t<\/div>\n\t\t\t\t<\/div>\n\t\t\t\t<\/div>\n\t\t\t\t\t<\/div>\n\t\t\t\t<\/div>\n\t\t<div class=\"elementor-element elementor-element-7d07362 e-flex e-con-boxed e-con e-parent\" data-id=\"7d07362\" data-element_type=\"container\" data-e-type=\"container\">\n\t\t\t\t\t<div class=\"e-con-inner\">\n\t\t<div class=\"elementor-element elementor-element-f7faccf e-con-full e-flex e-con e-child\" data-id=\"f7faccf\" data-element_type=\"container\" data-e-type=\"container\">\n\t\t\t\t<div class=\"elementor-element elementor-element-9c2ecb4 elementor-widget elementor-widget-image\" data-id=\"9c2ecb4\" data-element_type=\"widget\" data-e-type=\"widget\" data-widget_type=\"image.default\">\n\t\t\t\t<div class=\"elementor-widget-container\">\n\t\t\t\t\t\t\t\t\t\t\t\t\t\t\t<img decoding=\"async\" width=\"1240\" height=\"992\" src=\"https:\/\/pvmrc.com\/wp-content\/uploads\/2025\/07\/Thermographic-Drone-Inspections-for-PV-Systems-PVMRC-06-s.jpg\" class=\"attachment-full size-full wp-image-1591\" alt=\"PVMRC \u2013 Kombination von Technologie und Fachwissen f\u00fcr eine effiziente PV-Wartung.\" srcset=\"https:\/\/pvmrc.com\/wp-content\/uploads\/2025\/07\/Thermographic-Drone-Inspections-for-PV-Systems-PVMRC-06-s.jpg 1240w, https:\/\/pvmrc.com\/wp-content\/uploads\/2025\/07\/Thermographic-Drone-Inspections-for-PV-Systems-PVMRC-06-s-400x320.jpg 400w, https:\/\/pvmrc.com\/wp-content\/uploads\/2025\/07\/Thermographic-Drone-Inspections-for-PV-Systems-PVMRC-06-s-300x240.jpg 300w, https:\/\/pvmrc.com\/wp-content\/uploads\/2025\/07\/Thermographic-Drone-Inspections-for-PV-Systems-PVMRC-06-s-1024x819.jpg 1024w, https:\/\/pvmrc.com\/wp-content\/uploads\/2025\/07\/Thermographic-Drone-Inspections-for-PV-Systems-PVMRC-06-s-768x614.jpg 768w\" sizes=\"(max-width: 1240px) 100vw, 1240px\" \/>\t\t\t\t\t\t\t\t\t\t\t\t\t\t\t<\/div>\n\t\t\t\t<\/div>\n\t\t\t\t<\/div>\n\t\t<div class=\"elementor-element elementor-element-461e105 e-con-full e-flex e-con e-child\" data-id=\"461e105\" data-element_type=\"container\" data-e-type=\"container\">\n\t\t\t\t<div class=\"elementor-element elementor-element-fc3db89 elementor-widget elementor-widget-text-editor\" data-id=\"fc3db89\" data-element_type=\"widget\" data-e-type=\"widget\" data-widget_type=\"text-editor.default\">\n\t\t\t\t<div class=\"elementor-widget-container\">\n\t\t\t\t\t\t\t\t\t<p><strong data-start=\"950\" data-end=\"971\">Anwendungsbereiche<\/strong><\/p><ul><li>Vorbereitung auf R\u00fcckbau oder Recycling<\/li><li>Zustandserfassung vor Verkauf oder Vertragsverl\u00e4ngerung<\/li><li>Regelm\u00e4\u00dfige Wartungskontrollen im laufenden Betrieb<\/li><li>Pr\u00fcfung nach Unwettern, Blitzsch\u00e4den oder Brandereignissen<\/li><\/ul>\t\t\t\t\t\t\t\t<\/div>\n\t\t\t\t<\/div>\n\t\t\t\t<\/div>\n\t\t\t\t\t<\/div>\n\t\t\t\t<\/div>\n\t\t<div class=\"elementor-element elementor-element-d7dad61 e-flex e-con-boxed e-con e-parent\" data-id=\"d7dad61\" data-element_type=\"container\" data-e-type=\"container\">\n\t\t\t\t\t<div class=\"e-con-inner\">\n\t\t<div class=\"elementor-element elementor-element-0b7c8ea e-con-full e-flex e-con e-child\" data-id=\"0b7c8ea\" data-element_type=\"container\" data-e-type=\"container\">\n\t\t\t\t<div class=\"elementor-element elementor-element-9e564ee elementor-widget elementor-widget-text-editor\" data-id=\"9e564ee\" data-element_type=\"widget\" data-e-type=\"widget\" data-widget_type=\"text-editor.default\">\n\t\t\t\t<div class=\"elementor-widget-container\">\n\t\t\t\t\t\t\t\t\t<p><strong data-start=\"1200\" data-end=\"1215\">Unser Partner<\/strong><\/p><p>Die thermografischen Inspektionen erfolgen in Zusammenarbeit mit <strong data-start=\"1284\" data-end=\"1300\">UAS-Gerseker<\/strong>, einem spezialisierten Anbieter f\u00fcr Drohnentechnik und Thermografie im PV-Sektor.<\/p><p>\ud83d\udd17 <a class=\"\" title=\"www.uas-gerseker.de\" href=\"https:\/\/www.uas-gerseker.de\" target=\"_blank\" rel=\"noopener\" data-start=\"1379\" data-end=\"1429\">www.uas-gerseker.de<\/a><\/p>\t\t\t\t\t\t\t\t<\/div>\n\t\t\t\t<\/div>\n\t\t\t\t<\/div>\n\t\t<div class=\"elementor-element elementor-element-50202c8 e-con-full e-flex e-con e-child\" data-id=\"50202c8\" data-element_type=\"container\" data-e-type=\"container\">\n\t\t\t\t<div class=\"elementor-element elementor-element-87845f1 elementor-widget elementor-widget-video\" data-id=\"87845f1\" data-element_type=\"widget\" data-e-type=\"widget\" data-settings=\"{&quot;youtube_url&quot;:&quot;https:\\\/\\\/www.youtube.com\\\/watch?v=G688wmnPB5k&quot;,&quot;video_type&quot;:&quot;youtube&quot;,&quot;controls&quot;:&quot;yes&quot;}\" data-widget_type=\"video.default\">\n\t\t\t\t<div class=\"elementor-widget-container\">\n\t\t\t\t\t\t\t<div class=\"elementor-wrapper elementor-open-inline\">\n\t\t\t<div class=\"elementor-video\"><\/div>\t\t<\/div>\n\t\t\t\t\t\t<\/div>\n\t\t\t\t<\/div>\n\t\t\t\t<\/div>\n\t\t\t\t\t<\/div>\n\t\t\t\t<\/div>\n\t\t<div class=\"elementor-element elementor-element-08caf24 e-flex e-con-boxed e-con e-parent\" data-id=\"08caf24\" data-element_type=\"container\" data-e-type=\"container\" data-settings=\"{&quot;background_background&quot;:&quot;classic&quot;}\">\n\t\t\t\t\t<div class=\"e-con-inner\">\n\t\t\t\t<div class=\"elementor-element elementor-element-4a7755f elementor-widget elementor-widget-text-editor\" data-id=\"4a7755f\" data-element_type=\"widget\" data-e-type=\"widget\" data-widget_type=\"text-editor.default\">\n\t\t\t\t<div class=\"elementor-widget-container\">\n\t\t\t\t\t\t\t\t\t<p data-start=\"1431\" data-end=\"1533\"><strong data-start=\"1431\" data-end=\"1491\">M\u00f6chten Sie den Zustand Ihrer PV-Anlage schnell und zuverl\u00e4ssig erfassen?<\/strong><\/p>\t\t\t\t\t\t\t\t<\/div>\n\t\t\t\t<\/div>\n\t\t\t\t<div class=\"elementor-element elementor-element-7ea609a elementor-align-center elementor-mobile-align-center elementor-widget elementor-widget-button\" data-id=\"7ea609a\" data-element_type=\"widget\" data-e-type=\"widget\" data-widget_type=\"button.default\">\n\t\t\t\t<div class=\"elementor-widget-container\">\n\t\t\t\t\t\t\t\t\t<div class=\"elementor-button-wrapper\">\n\t\t\t\t\t<a class=\"elementor-button elementor-button-link elementor-size-sm\" href=\"https:\/\/pvmrc.com\/de\/anfrageformular-fuer-projekte-pv-modul-recycling\/\">\n\t\t\t\t\t\t<span class=\"elementor-button-content-wrapper\">\n\t\t\t\t\t\t\t\t\t<span class=\"elementor-button-text\">Projektanfrage<\/span>\n\t\t\t\t\t<\/span>\n\t\t\t\t\t<\/a>\n\t\t\t\t<\/div>\n\t\t\t\t\t\t\t\t<\/div>\n\t\t\t\t<\/div>\n\t\t\t\t\t<\/div>\n\t\t\t\t<\/div>\n\t\t<div class=\"elementor-element elementor-element-1387421 e-flex e-con-boxed e-con e-parent\" data-id=\"1387421\" data-element_type=\"container\" data-e-type=\"container\">\n\t\t\t\t\t<div class=\"e-con-inner\">\n\t\t\t\t<div class=\"elementor-element elementor-element-8215f20 elementor-widget elementor-widget-hfe-breadcrumbs-widget\" data-id=\"8215f20\" data-element_type=\"widget\" data-e-type=\"widget\" data-widget_type=\"hfe-breadcrumbs-widget.default\">\n\t\t\t\t<div class=\"elementor-widget-container\">\n\t\t\t\t\t<nav aria-label=\"Breadcrumb\"><ul class=\"hfe-breadcrumbs hfe-breadcrumbs-show-home\"><li class=\"hfe-breadcrumbs-item hfe-breadcrumbs-first\"><span class=\"hfe-breadcrumbs-home-icon\"><svg aria-hidden=\"true\" class=\"e-font-icon-svg e-fas-home\" viewBox=\"0 0 576 512\" xmlns=\"http:\/\/www.w3.org\/2000\/svg\"><path d=\"M280.37 148.26L96 300.11V464a16 16 0 0 0 16 16l112.06-.29a16 16 0 0 0 15.92-16V368a16 16 0 0 1 16-16h64a16 16 0 0 1 16 16v95.64a16 16 0 0 0 16 16.05L464 480a16 16 0 0 0 16-16V300L295.67 148.26a12.19 12.19 0 0 0-15.3 0zM571.6 251.47L488 182.56V44.05a12 12 0 0 0-12-12h-56a12 12 0 0 0-12 12v72.61L318.47 43a48 48 0 0 0-61 0L4.34 251.47a12 12 0 0 0-1.6 16.9l25.5 31A12 12 0 0 0 45.15 301l235.22-193.74a12.19 12.19 0 0 1 15.3 0L530.9 301a12 12 0 0 0 16.9-1.6l25.5-31a12 12 0 0 0-1.7-16.93z\"><\/path><\/svg><\/span><a href=\"https:\/\/pvmrc.com\/de\/\"><span class=\"hfe-breadcrumbs-text\">Startseite<\/span><\/a><\/li><\/ul><\/nav>\t\t\t\t<\/div>\n\t\t\t\t<\/div>\n\t\t\t\t\t<\/div>\n\t\t\t\t<\/div>\n\t\t\t\t<\/div>\n\t\t","protected":false},"excerpt":{"rendered":"<p>Thermografische Befliegung f\u00fcr PV-Anlagen Schnelle und pr\u00e4zise thermografische Drohneninspektionen f\u00fcr PV-Anlagen. Erkennung von Hotspots, Defekten und Degradation. Ideal f\u00fcr Wartung, Weiterverkauf und R\u00fcckbau. PROJEKT ANFRAGE Thermografische Befliegung Pr\u00e4zise Analyse von PV-Modulen: schnell, exakt, ber\u00fchrungslos Mit modernster Drohnentechnologie und hochaufl\u00f6sender Thermografie unterst\u00fctzen wir Betreiber von PV-Anlagen bei der schnellen und zuverl\u00e4ssigen Erkennung von Defekten, Degradation und [&hellip;]<\/p>\n","protected":false},"author":3,"featured_media":0,"parent":584,"menu_order":0,"comment_status":"closed","ping_status":"closed","template":"elementor_header_footer","meta":{"ocean_post_layout":"","ocean_both_sidebars_style":"","ocean_both_sidebars_content_width":0,"ocean_both_sidebars_sidebars_width":0,"ocean_sidebar":"","ocean_second_sidebar":"","ocean_disable_margins":"enable","ocean_add_body_class":"","ocean_shortcode_before_top_bar":"","ocean_shortcode_after_top_bar":"","ocean_shortcode_before_header":"","ocean_shortcode_after_header":"","ocean_has_shortcode":"","ocean_shortcode_after_title":"","ocean_shortcode_before_footer_widgets":"","ocean_shortcode_after_footer_widgets":"","ocean_shortcode_before_footer_bottom":"","ocean_shortcode_after_footer_bottom":"","ocean_display_top_bar":"default","ocean_display_header":"default","ocean_header_style":"","ocean_center_header_left_menu":"","ocean_custom_header_template":"","ocean_custom_logo":0,"ocean_custom_retina_logo":0,"ocean_custom_logo_max_width":0,"ocean_custom_logo_tablet_max_width":0,"ocean_custom_logo_mobile_max_width":0,"ocean_custom_logo_max_height":0,"ocean_custom_logo_tablet_max_height":0,"ocean_custom_logo_mobile_max_height":0,"ocean_header_custom_menu":"","ocean_menu_typo_font_family":"","ocean_menu_typo_font_subset":"","ocean_menu_typo_font_size":0,"ocean_menu_typo_font_size_tablet":0,"ocean_menu_typo_font_size_mobile":0,"ocean_menu_typo_font_size_unit":"px","ocean_menu_typo_font_weight":"","ocean_menu_typo_font_weight_tablet":"","ocean_menu_typo_font_weight_mobile":"","ocean_menu_typo_transform":"","ocean_menu_typo_transform_tablet":"","ocean_menu_typo_transform_mobile":"","ocean_menu_typo_line_height":0,"ocean_menu_typo_line_height_tablet":0,"ocean_menu_typo_line_height_mobile":0,"ocean_menu_typo_line_height_unit":"","ocean_menu_typo_spacing":0,"ocean_menu_typo_spacing_tablet":0,"ocean_menu_typo_spacing_mobile":0,"ocean_menu_typo_spacing_unit":"","ocean_menu_link_color":"","ocean_menu_link_color_hover":"","ocean_menu_link_color_active":"","ocean_menu_link_background":"","ocean_menu_link_hover_background":"","ocean_menu_link_active_background":"","ocean_menu_social_links_bg":"","ocean_menu_social_hover_links_bg":"","ocean_menu_social_links_color":"","ocean_menu_social_hover_links_color":"","ocean_disable_title":"default","ocean_disable_heading":"default","ocean_post_title":"","ocean_post_subheading":"","ocean_post_title_style":"","ocean_post_title_background_color":"","ocean_post_title_background":0,"ocean_post_title_bg_image_position":"","ocean_post_title_bg_image_attachment":"","ocean_post_title_bg_image_repeat":"","ocean_post_title_bg_image_size":"","ocean_post_title_height":0,"ocean_post_title_bg_overlay":0.5,"ocean_post_title_bg_overlay_color":"","ocean_disable_breadcrumbs":"default","ocean_breadcrumbs_color":"","ocean_breadcrumbs_separator_color":"","ocean_breadcrumbs_links_color":"","ocean_breadcrumbs_links_hover_color":"","ocean_display_footer_widgets":"default","ocean_display_footer_bottom":"default","ocean_custom_footer_template":"","footnotes":""},"class_list":["post-1608","page","type-page","status-publish","hentry","entry"],"_links":{"self":[{"href":"https:\/\/pvmrc.com\/de\/wp-json\/wp\/v2\/pages\/1608","targetHints":{"allow":["GET"]}}],"collection":[{"href":"https:\/\/pvmrc.com\/de\/wp-json\/wp\/v2\/pages"}],"about":[{"href":"https:\/\/pvmrc.com\/de\/wp-json\/wp\/v2\/types\/page"}],"author":[{"embeddable":true,"href":"https:\/\/pvmrc.com\/de\/wp-json\/wp\/v2\/users\/3"}],"replies":[{"embeddable":true,"href":"https:\/\/pvmrc.com\/de\/wp-json\/wp\/v2\/comments?post=1608"}],"version-history":[{"count":0,"href":"https:\/\/pvmrc.com\/de\/wp-json\/wp\/v2\/pages\/1608\/revisions"}],"up":[{"embeddable":true,"href":"https:\/\/pvmrc.com\/de\/wp-json\/wp\/v2\/pages\/584"}],"wp:attachment":[{"href":"https:\/\/pvmrc.com\/de\/wp-json\/wp\/v2\/media?parent=1608"}],"curies":[{"name":"wp","href":"https:\/\/api.w.org\/{rel}","templated":true}]}}