{"id":582,"date":"2025-03-29T03:55:43","date_gmt":"2025-03-29T03:55:43","guid":{"rendered":"https:\/\/pvmrc.com\/ueber-uns\/"},"modified":"2026-02-19T12:20:17","modified_gmt":"2026-02-19T12:20:17","slug":"einblicke-und-mission","status":"publish","type":"page","link":"https:\/\/pvmrc.com\/de\/einblicke-und-mission\/","title":{"rendered":"\u00dcber uns"},"content":{"rendered":"\t\t<div data-elementor-type=\"wp-page\" data-elementor-id=\"582\" class=\"elementor elementor-582 elementor-114\" data-elementor-post-type=\"page\">\n\t\t\t\t<div class=\"elementor-element elementor-element-9b87df2 e-flex e-con-boxed e-con e-parent\" data-id=\"9b87df2\" data-element_type=\"container\" data-e-type=\"container\" data-settings=\"{&quot;background_background&quot;:&quot;classic&quot;}\">\n\t\t\t\t\t<div class=\"e-con-inner\">\n\t\t\t\t<div class=\"elementor-element elementor-element-4a5ea01 elementor-widget elementor-widget-heading\" data-id=\"4a5ea01\" data-element_type=\"widget\" data-e-type=\"widget\" data-widget_type=\"heading.default\">\n\t\t\t\t<div class=\"elementor-widget-container\">\n\t\t\t\t\t<h1 class=\"elementor-heading-title elementor-size-default\">Einblicke in PVMRC<\/h1>\t\t\t\t<\/div>\n\t\t\t\t<\/div>\n\t\t\t\t\t<\/div>\n\t\t\t\t<\/div>\n\t\t<div class=\"elementor-element elementor-element-a44bf46 e-flex e-con-boxed e-con e-parent\" data-id=\"a44bf46\" data-element_type=\"container\" data-e-type=\"container\">\n\t\t\t\t\t<div class=\"e-con-inner\">\n\t\t\t\t<div class=\"elementor-element elementor-element-5d37549 elementor-widget elementor-widget-heading\" data-id=\"5d37549\" data-element_type=\"widget\" data-e-type=\"widget\" data-widget_type=\"heading.default\">\n\t\t\t\t<div class=\"elementor-widget-container\">\n\t\t\t\t\t<h2 class=\"elementor-heading-title elementor-size-default\">EInblicke und Mission<\/h2>\t\t\t\t<\/div>\n\t\t\t\t<\/div>\n\t\t\t\t<div class=\"elementor-element elementor-element-3e3c355 elementor-widget elementor-widget-text-editor\" data-id=\"3e3c355\" data-element_type=\"widget\" data-e-type=\"widget\" data-widget_type=\"text-editor.default\">\n\t\t\t\t<div class=\"elementor-widget-container\">\n\t\t\t\t\t\t\t\t\t<p>PVMRC (Photovoltaik-Modul-Recycling) steht f\u00fcr den festen Willen, Verantwortung zu \u00fcbernehmen. F\u00fcr unsere Umwelt, unsere Zukunft und eine lebenswerte Welt. Verschaffen Sie sich Ihre eigenen Einblicke.<\/p><p>Durch den fachgerechten R\u00fcckbau ausgedienter Solarmodule, eine effiziente Logistik und ressourcenschonendes Recycling schlie\u00dfen wir den Kreis einer wirklich nachhaltigen Energiewirtschaft.<\/p><p>F\u00fcr uns bedeutet Nachhaltigkeit, Verantwortung zu \u00fcbernehmen. Mit gut durchdachten L\u00f6sungen, die der Umwelt und den Menschen zugute kommen.<\/p>\t\t\t\t\t\t\t\t<\/div>\n\t\t\t\t<\/div>\n\t\t\t\t<div class=\"elementor-element elementor-element-2599f73 elementor-widget elementor-widget-heading\" data-id=\"2599f73\" data-element_type=\"widget\" data-e-type=\"widget\" data-widget_type=\"heading.default\">\n\t\t\t\t<div class=\"elementor-widget-container\">\n\t\t\t\t\t<h2 class=\"elementor-heading-title elementor-size-default\">Unsere Vision<\/h2>\t\t\t\t<\/div>\n\t\t\t\t<\/div>\n\t\t\t\t<div class=\"elementor-element elementor-element-c5e96ed elementor-widget elementor-widget-text-editor\" data-id=\"c5e96ed\" data-element_type=\"widget\" data-e-type=\"widget\" data-widget_type=\"text-editor.default\">\n\t\t\t\t<div class=\"elementor-widget-container\">\n\t\t\t\t\t\t\t\t\t<p>Bis 2030 wollen wir europaweit die erste Adresse f\u00fcr das Lebensende von Solarmodulen sein. Mit intelligenten L\u00f6sungen f\u00fcr R\u00fcckbau, Recycling und echte Nachhaltigkeit in der Solarbranche. <\/p><p>Unser Ziel ist nicht Gr\u00f6\u00dfe, sondern Wirkung: durch eine Kreislaufwirtschaft, operative Exzellenz und einen echten \u00f6kologischen Mehrwert.<\/p>\t\t\t\t\t\t\t\t<\/div>\n\t\t\t\t<\/div>\n\t\t\t\t\t<\/div>\n\t\t\t\t<\/div>\n\t\t<div class=\"elementor-element elementor-element-4aa2ced e-flex e-con-boxed e-con e-parent\" data-id=\"4aa2ced\" data-element_type=\"container\" data-e-type=\"container\" data-settings=\"{&quot;background_background&quot;:&quot;classic&quot;}\">\n\t\t\t\t\t<div class=\"e-con-inner\">\n\t\t\t\t<div class=\"elementor-element elementor-element-44de46c elementor-widget elementor-widget-heading\" data-id=\"44de46c\" data-element_type=\"widget\" data-e-type=\"widget\" data-widget_type=\"heading.default\">\n\t\t\t\t<div class=\"elementor-widget-container\">\n\t\t\t\t\t<h2 class=\"elementor-heading-title elementor-size-default\">Unsere Geschichte<\/h2>\t\t\t\t<\/div>\n\t\t\t\t<\/div>\n\t\t\t\t<div class=\"elementor-element elementor-element-96a1153 elementor-widget elementor-widget-text-editor\" data-id=\"96a1153\" data-element_type=\"widget\" data-e-type=\"widget\" data-widget_type=\"text-editor.default\">\n\t\t\t\t<div class=\"elementor-widget-container\">\n\t\t\t\t\t\t\t\t\t<p>PVMRC wurde gegr\u00fcndet, um dem wachsenden Bedarf an strukturierter, effizienter und nachhaltiger Entsorgung von PV-Modulen in ganz Europa abzudecken.<br>Vom ersten Tag an haben wir uns darauf konzentriert, praktikable L\u00f6sungen zu schaffen. Wir kombinieren technische Demontage, logistische Koordination und transparente Recyclingabl\u00e4ufe. <\/p><p>Mit unserem technischen Fachwissen und jahrelanger Erfahrungen f\u00fcr die operativen Anforderungen an die Demontage gro\u00dfer PV-Anlagen haben wir folgendes aufgebaut:<\/p><ul><li>Mobile Teams f\u00fcr den R\u00fcckbau von Modulen, Unterkonstruktionen, Wechselrichtern, Verkabelung und Rahmen<\/li><li>Ein Logistiksystem, das europaweit funktioniert und R\u00fcckverfolgbarkeit erm\u00f6glicht<\/li><li>Ein skalierbares Materialstromkonzept, das zertifizierte Recyclingkan\u00e4le zuverl\u00e4ssig bedient<\/li><\/ul><p>Im Januar 2026 werden wir unsere eigene Recyclinganlage f\u00fcr PV-Module in Betrieb nehmen, die erste ihrer Art in Deutschland. Damit k\u00f6nnen wir in Zukunft den gesamten Kreislauf abdecken: von der Demontage bis zur Rohstoffr\u00fcckgewinnung. <\/p>\t\t\t\t\t\t\t\t<\/div>\n\t\t\t\t<\/div>\n\t\t\t\t\t<\/div>\n\t\t\t\t<\/div>\n\t\t<div class=\"elementor-element elementor-element-0815d3e e-flex e-con-boxed e-con e-parent\" data-id=\"0815d3e\" data-element_type=\"container\" data-e-type=\"container\">\n\t\t\t\t\t<div class=\"e-con-inner\">\n\t\t\t\t<div class=\"elementor-element elementor-element-b141cda elementor-widget elementor-widget-heading\" data-id=\"b141cda\" data-element_type=\"widget\" data-e-type=\"widget\" data-widget_type=\"heading.default\">\n\t\t\t\t<div class=\"elementor-widget-container\">\n\t\t\t\t\t<h2 class=\"elementor-heading-title elementor-size-default\">Unser Nachhaltigkeitsversprechen<\/h2>\t\t\t\t<\/div>\n\t\t\t\t<\/div>\n\t\t\t\t<div class=\"elementor-element elementor-element-1170a35 elementor-widget elementor-widget-text-editor\" data-id=\"1170a35\" data-element_type=\"widget\" data-e-type=\"widget\" data-widget_type=\"text-editor.default\">\n\t\t\t\t<div class=\"elementor-widget-container\">\n\t\t\t\t\t\t\t\t\t<p>Wir haben uns dem Ziel verschrieben, den Materialkreislauf in der Solarindustrie zu schlie\u00dfen.<br>Durch die R\u00fcckgewinnung wertvoller Stoffe tragen wir zur Kreislaufwirtschaft bei, senken Umweltbelastungen und helfen unseren Kunden, ihre ESG-Ziele zu erreichen.<\/p><p>Unser Servicemodell minimiert die Komplexit\u00e4t:<br>Wir k\u00fcmmern uns um Demontage, Transport, Zwischenlagerung und Recycling. Damit sich die Betreiber und Hersteller von Solaranlagen auf ihr Kerngesch\u00e4ft konzentrieren k\u00f6nnen. <\/p><p>Compliance wird nahtlos. Nachhaltigkeit wird zum Standard. <\/p>\t\t\t\t\t\t\t\t<\/div>\n\t\t\t\t<\/div>\n\t\t\t\t\t<\/div>\n\t\t\t\t<\/div>\n\t\t\t\t<\/div>\n\t\t","protected":false},"excerpt":{"rendered":"<p>Einblicke in PVMRC EInblicke und Mission PVMRC (Photovoltaik-Modul-Recycling) steht f\u00fcr den festen Willen, Verantwortung zu \u00fcbernehmen. F\u00fcr unsere Umwelt, unsere Zukunft und eine lebenswerte Welt. Verschaffen Sie sich Ihre eigenen Einblicke. Durch den fachgerechten R\u00fcckbau ausgedienter Solarmodule, eine effiziente Logistik und ressourcenschonendes Recycling schlie\u00dfen wir den Kreis einer wirklich nachhaltigen Energiewirtschaft. F\u00fcr uns bedeutet Nachhaltigkeit, [&hellip;]<\/p>\n","protected":false},"author":2,"featured_media":0,"parent":0,"menu_order":0,"comment_status":"closed","ping_status":"closed","template":"elementor_header_footer","meta":{"ocean_post_layout":"","ocean_both_sidebars_style":"","ocean_both_sidebars_content_width":0,"ocean_both_sidebars_sidebars_width":0,"ocean_sidebar":"","ocean_second_sidebar":"","ocean_disable_margins":"enable","ocean_add_body_class":"","ocean_shortcode_before_top_bar":"","ocean_shortcode_after_top_bar":"","ocean_shortcode_before_header":"","ocean_shortcode_after_header":"","ocean_has_shortcode":"","ocean_shortcode_after_title":"","ocean_shortcode_before_footer_widgets":"","ocean_shortcode_after_footer_widgets":"","ocean_shortcode_before_footer_bottom":"","ocean_shortcode_after_footer_bottom":"","ocean_display_top_bar":"default","ocean_display_header":"default","ocean_header_style":"","ocean_center_header_left_menu":"","ocean_custom_header_template":"","ocean_custom_logo":0,"ocean_custom_retina_logo":0,"ocean_custom_logo_max_width":0,"ocean_custom_logo_tablet_max_width":0,"ocean_custom_logo_mobile_max_width":0,"ocean_custom_logo_max_height":0,"ocean_custom_logo_tablet_max_height":0,"ocean_custom_logo_mobile_max_height":0,"ocean_header_custom_menu":"","ocean_menu_typo_font_family":"","ocean_menu_typo_font_subset":"","ocean_menu_typo_font_size":0,"ocean_menu_typo_font_size_tablet":0,"ocean_menu_typo_font_size_mobile":0,"ocean_menu_typo_font_size_unit":"px","ocean_menu_typo_font_weight":"","ocean_menu_typo_font_weight_tablet":"","ocean_menu_typo_font_weight_mobile":"","ocean_menu_typo_transform":"","ocean_menu_typo_transform_tablet":"","ocean_menu_typo_transform_mobile":"","ocean_menu_typo_line_height":0,"ocean_menu_typo_line_height_tablet":0,"ocean_menu_typo_line_height_mobile":0,"ocean_menu_typo_line_height_unit":"","ocean_menu_typo_spacing":0,"ocean_menu_typo_spacing_tablet":0,"ocean_menu_typo_spacing_mobile":0,"ocean_menu_typo_spacing_unit":"","ocean_menu_link_color":"","ocean_menu_link_color_hover":"","ocean_menu_link_color_active":"","ocean_menu_link_background":"","ocean_menu_link_hover_background":"","ocean_menu_link_active_background":"","ocean_menu_social_links_bg":"","ocean_menu_social_hover_links_bg":"","ocean_menu_social_links_color":"","ocean_menu_social_hover_links_color":"","ocean_disable_title":"default","ocean_disable_heading":"default","ocean_post_title":"","ocean_post_subheading":"","ocean_post_title_style":"","ocean_post_title_background_color":"","ocean_post_title_background":0,"ocean_post_title_bg_image_position":"","ocean_post_title_bg_image_attachment":"","ocean_post_title_bg_image_repeat":"","ocean_post_title_bg_image_size":"","ocean_post_title_height":0,"ocean_post_title_bg_overlay":0.5,"ocean_post_title_bg_overlay_color":"","ocean_disable_breadcrumbs":"default","ocean_breadcrumbs_color":"","ocean_breadcrumbs_separator_color":"","ocean_breadcrumbs_links_color":"","ocean_breadcrumbs_links_hover_color":"","ocean_display_footer_widgets":"default","ocean_display_footer_bottom":"default","ocean_custom_footer_template":"","footnotes":""},"class_list":["post-582","page","type-page","status-publish","hentry","entry"],"_links":{"self":[{"href":"https:\/\/pvmrc.com\/de\/wp-json\/wp\/v2\/pages\/582","targetHints":{"allow":["GET"]}}],"collection":[{"href":"https:\/\/pvmrc.com\/de\/wp-json\/wp\/v2\/pages"}],"about":[{"href":"https:\/\/pvmrc.com\/de\/wp-json\/wp\/v2\/types\/page"}],"author":[{"embeddable":true,"href":"https:\/\/pvmrc.com\/de\/wp-json\/wp\/v2\/users\/2"}],"replies":[{"embeddable":true,"href":"https:\/\/pvmrc.com\/de\/wp-json\/wp\/v2\/comments?post=582"}],"version-history":[{"count":1,"href":"https:\/\/pvmrc.com\/de\/wp-json\/wp\/v2\/pages\/582\/revisions"}],"predecessor-version":[{"id":3052,"href":"https:\/\/pvmrc.com\/de\/wp-json\/wp\/v2\/pages\/582\/revisions\/3052"}],"wp:attachment":[{"href":"https:\/\/pvmrc.com\/de\/wp-json\/wp\/v2\/media?parent=582"}],"curies":[{"name":"wp","href":"https:\/\/api.w.org\/{rel}","templated":true}]}}